{"id":94787294,"date":"2023-06-17T09:41:21","date_gmt":"2023-06-17T07:41:21","guid":{"rendered":"https:\/\/elektronikk.eu\/gam-071-w\/"},"modified":"2026-04-01T21:07:54","modified_gmt":"2026-04-01T19:07:54","slug":"gam-071-w","status":"publish","type":"product","link":"https:\/\/elektronikk.eu\/en\/gam-071-w\/","title":{"rendered":"Stativ for gamingheadset i aluminium, universal, hvit"},"content":{"rendered":"<p>WA80 headphone stand, aluminum pole, white<\/p>\n","protected":false},"excerpt":{"rendered":"<p>Dette stativet for gamingheadset er et praktisk tilbeh\u00f8r, det er designet for \u00e5 holde spillomr\u00e5det ryddig og headsettet sikkert. Det er ideelt n\u00e5r spillere \u00f8nsker \u00e5 beskytte headsettet mot slitasje, samtidig som spillomr\u00e5det er ryddig. Det er laget av aluminium og gummibelagt ABS-plast og har antiskliputer, slik at det har lang levetid og f\u00e5r \u00f8kt stabilitet. Det er velegnet for b\u00e5de konsoll- og PC-spillere, plasser det p\u00e5 skrivebordet eller TV-hyllen.<\/p>\n","protected":false},"featured_media":94788633,"comment_status":"closed","ping_status":"open","template":"","meta":[],"product_brand":[35342],"product_cat":[35573,35529,35530],"product_tag":[],"class_list":{"0":"post-94787294","1":"product","2":"type-product","3":"status-publish","4":"has-post-thumbnail","6":"product_brand-deltaco_gaming","7":"product_cat-hodetelefon-tilbehor","8":"product_cat-lyd-og-bilde","9":"product_cat-tilbehor","10":"pa_farge-white","11":"pa_materiale-aluminum","12":"pa_produkt-dybde-0-105000000000","14":"first","15":"onbackorder","16":"purchasable","17":"product-type-simple"},"jetpack_sharing_enabled":true,"_links":{"self":[{"href":"https:\/\/elektronikk.eu\/en\/wp-json\/wp\/v2\/product\/94787294","targetHints":{"allow":["GET"]}}],"collection":[{"href":"https:\/\/elektronikk.eu\/en\/wp-json\/wp\/v2\/product"}],"about":[{"href":"https:\/\/elektronikk.eu\/en\/wp-json\/wp\/v2\/types\/product"}],"replies":[{"embeddable":true,"href":"https:\/\/elektronikk.eu\/en\/wp-json\/wp\/v2\/comments?post=94787294"}],"wp:featuredmedia":[{"embeddable":true,"href":"https:\/\/elektronikk.eu\/en\/wp-json\/wp\/v2\/media\/94788633"}],"wp:attachment":[{"href":"https:\/\/elektronikk.eu\/en\/wp-json\/wp\/v2\/media?parent=94787294"}],"wp:term":[{"taxonomy":"product_brand","embeddable":true,"href":"https:\/\/elektronikk.eu\/en\/wp-json\/wp\/v2\/product_brand?post=94787294"},{"taxonomy":"product_cat","embeddable":true,"href":"https:\/\/elektronikk.eu\/en\/wp-json\/wp\/v2\/product_cat?post=94787294"},{"taxonomy":"product_tag","embeddable":true,"href":"https:\/\/elektronikk.eu\/en\/wp-json\/wp\/v2\/product_tag?post=94787294"}],"curies":[{"name":"wp","href":"https:\/\/api.w.org\/{rel}","templated":true}]}}