{"id":94787245,"date":"2016-09-26T02:16:47","date_gmt":"2016-09-26T00:16:47","guid":{"rendered":"https:\/\/elektronikk.eu\/delo-0310\/"},"modified":"2026-04-01T21:07:32","modified_gmt":"2026-04-01T19:07:32","slug":"delo-0310","status":"publish","type":"product","link":"https:\/\/elektronikk.eu\/en\/delo-0310\/","title":{"rendered":"Ergonomisk tr\u00e5dl\u00f8s mus, lydl\u00f8s, 2.4G, opptil 2400 DPI, USB Nano-mottaker, svart"},"content":{"rendered":"<p>Tr\u00e5dl\u00f8s ergonomisk kontormus med 6 knapper bygget for h\u00f8yrehendte. Musen ligger perfekt i hendene for \u00e5 redusere stress for h\u00e5ndleddene mens du jobber. De stille klikkene hjelper deg ogs\u00e5 med \u00e5 redusere omgivelsesst\u00f8yen for kollegene rundt deg p\u00e5 kontoret.<\/p>\n","protected":false},"excerpt":{"rendered":"<p>Ergonomisk tr\u00e5dl\u00f8s mus, h\u00f8yrehendt, lydl\u00f8se klikk, 800\/1200\/1600\/2000\/2400 DPI, 2,4 GHz USB Nano-mottaker, 10 m rekkevidde, svart<\/p>\n","protected":false},"featured_media":94788603,"comment_status":"closed","ping_status":"open","template":"","meta":[],"product_brand":[35291],"product_cat":[35580,35581,35755],"product_tag":[21109],"class_list":{"0":"post-94787245","1":"product","2":"type-product","3":"status-publish","4":"has-post-thumbnail","6":"product_brand-deltaco","7":"product_cat-keyboards-mice","8":"product_cat-mice","9":"product_cat-wireless-mice","10":"product_tag-wireless-mice","11":"pa_antall-knapper-34373","12":"pa_farge-black","13":"pa_led-lys-no_lights","15":"first","16":"onbackorder","17":"purchasable","18":"product-type-simple"},"jetpack_sharing_enabled":true,"_links":{"self":[{"href":"https:\/\/elektronikk.eu\/en\/wp-json\/wp\/v2\/product\/94787245","targetHints":{"allow":["GET"]}}],"collection":[{"href":"https:\/\/elektronikk.eu\/en\/wp-json\/wp\/v2\/product"}],"about":[{"href":"https:\/\/elektronikk.eu\/en\/wp-json\/wp\/v2\/types\/product"}],"replies":[{"embeddable":true,"href":"https:\/\/elektronikk.eu\/en\/wp-json\/wp\/v2\/comments?post=94787245"}],"wp:featuredmedia":[{"embeddable":true,"href":"https:\/\/elektronikk.eu\/en\/wp-json\/wp\/v2\/media\/94788603"}],"wp:attachment":[{"href":"https:\/\/elektronikk.eu\/en\/wp-json\/wp\/v2\/media?parent=94787245"}],"wp:term":[{"taxonomy":"product_brand","embeddable":true,"href":"https:\/\/elektronikk.eu\/en\/wp-json\/wp\/v2\/product_brand?post=94787245"},{"taxonomy":"product_cat","embeddable":true,"href":"https:\/\/elektronikk.eu\/en\/wp-json\/wp\/v2\/product_cat?post=94787245"},{"taxonomy":"product_tag","embeddable":true,"href":"https:\/\/elektronikk.eu\/en\/wp-json\/wp\/v2\/product_tag?post=94787245"}],"curies":[{"name":"wp","href":"https:\/\/api.w.org\/{rel}","templated":true}]}}