{"id":94787167,"date":"2022-05-11T01:26:09","date_gmt":"2022-05-10T23:26:09","guid":{"rendered":"https:\/\/elektronikk.eu\/d-400b\/"},"modified":"2026-04-01T21:07:01","modified_gmt":"2026-04-01T19:07:01","slug":"d-400b","status":"publish","type":"product","link":"https:\/\/elektronikk.eu\/en\/d-400b\/","title":{"rendered":"Komprimert gass i sprayboks, st\u00f8vfjerner, 400 ml"},"content":{"rendered":"<p>Fjerner st\u00f8v lett fra elektroniske komponenter ved \u00e5 bruke h\u00f8yt trykk. Brannfarlig.<\/p>\n","protected":false},"excerpt":{"rendered":"<p>Komprimert gass i sprayboks, (type &#8220;trykkluft&#8221;), 400ml.<\/p>\n","protected":false},"featured_media":94788580,"comment_status":"closed","ping_status":"open","template":"","meta":[],"product_brand":[35291],"product_cat":[35679,35533],"product_tag":[],"class_list":{"0":"post-94787167","1":"product","2":"type-product","3":"status-publish","4":"has-post-thumbnail","6":"product_brand-deltaco","7":"product_cat-cleaning-accessories","8":"product_cat-tilbehor-components-accessories","9":"pa_garanti-5years","11":"first","12":"onbackorder","13":"purchasable","14":"product-type-simple"},"jetpack_sharing_enabled":true,"_links":{"self":[{"href":"https:\/\/elektronikk.eu\/en\/wp-json\/wp\/v2\/product\/94787167","targetHints":{"allow":["GET"]}}],"collection":[{"href":"https:\/\/elektronikk.eu\/en\/wp-json\/wp\/v2\/product"}],"about":[{"href":"https:\/\/elektronikk.eu\/en\/wp-json\/wp\/v2\/types\/product"}],"replies":[{"embeddable":true,"href":"https:\/\/elektronikk.eu\/en\/wp-json\/wp\/v2\/comments?post=94787167"}],"wp:featuredmedia":[{"embeddable":true,"href":"https:\/\/elektronikk.eu\/en\/wp-json\/wp\/v2\/media\/94788580"}],"wp:attachment":[{"href":"https:\/\/elektronikk.eu\/en\/wp-json\/wp\/v2\/media?parent=94787167"}],"wp:term":[{"taxonomy":"product_brand","embeddable":true,"href":"https:\/\/elektronikk.eu\/en\/wp-json\/wp\/v2\/product_brand?post=94787167"},{"taxonomy":"product_cat","embeddable":true,"href":"https:\/\/elektronikk.eu\/en\/wp-json\/wp\/v2\/product_cat?post=94787167"},{"taxonomy":"product_tag","embeddable":true,"href":"https:\/\/elektronikk.eu\/en\/wp-json\/wp\/v2\/product_tag?post=94787167"}],"curies":[{"name":"wp","href":"https:\/\/api.w.org\/{rel}","templated":true}]}}