{"id":94786783,"date":"2025-12-31T10:15:51","date_gmt":"2025-12-31T09:15:51","guid":{"rendered":"https:\/\/elektronikk.eu\/350506\/"},"modified":"2026-04-01T21:05:20","modified_gmt":"2026-04-01T19:05:20","slug":"350506","status":"publish","type":"product","link":"https:\/\/elektronikk.eu\/en\/350506\/","title":{"rendered":"MSI 2220 St\u00f8vsugerposer, 5 stk."},"content":{"rendered":"<p>&#8211; 5 poser.- Bruk st\u00f8vsugerposeguiden for \u00e5 finne riktig pose.- Materiale: microfiberPasser til: Bosch \/ Siemens<\/p>\n","protected":false},"excerpt":{"rendered":"<p>MSI 2220 Dust bags, 5 pcs.<\/p>\n","protected":false},"featured_media":94789702,"comment_status":"closed","ping_status":"open","template":"","meta":[],"product_brand":[35307],"product_cat":[35613,35616,35672,35617],"product_tag":[24601],"class_list":{"0":"post-94786783","1":"product","2":"type-product","3":"status-publish","4":"has-post-thumbnail","6":"product_brand-nordicquality","7":"product_cat-hvitevarer","8":"product_cat-stovsuger-og-gulvvedlikehold","9":"product_cat-stovsuger-poser","10":"product_cat-stovsuger-tilbehor","11":"product_tag-vacuum-bags","12":"pa_farge-white","14":"first","15":"onbackorder","16":"purchasable","17":"product-type-simple"},"jetpack_sharing_enabled":true,"_links":{"self":[{"href":"https:\/\/elektronikk.eu\/en\/wp-json\/wp\/v2\/product\/94786783","targetHints":{"allow":["GET"]}}],"collection":[{"href":"https:\/\/elektronikk.eu\/en\/wp-json\/wp\/v2\/product"}],"about":[{"href":"https:\/\/elektronikk.eu\/en\/wp-json\/wp\/v2\/types\/product"}],"replies":[{"embeddable":true,"href":"https:\/\/elektronikk.eu\/en\/wp-json\/wp\/v2\/comments?post=94786783"}],"wp:featuredmedia":[{"embeddable":true,"href":"https:\/\/elektronikk.eu\/en\/wp-json\/wp\/v2\/media\/94789702"}],"wp:attachment":[{"href":"https:\/\/elektronikk.eu\/en\/wp-json\/wp\/v2\/media?parent=94786783"}],"wp:term":[{"taxonomy":"product_brand","embeddable":true,"href":"https:\/\/elektronikk.eu\/en\/wp-json\/wp\/v2\/product_brand?post=94786783"},{"taxonomy":"product_cat","embeddable":true,"href":"https:\/\/elektronikk.eu\/en\/wp-json\/wp\/v2\/product_cat?post=94786783"},{"taxonomy":"product_tag","embeddable":true,"href":"https:\/\/elektronikk.eu\/en\/wp-json\/wp\/v2\/product_tag?post=94786783"}],"curies":[{"name":"wp","href":"https:\/\/api.w.org\/{rel}","templated":true}]}}