{"id":94786428,"date":"2025-12-31T10:11:21","date_gmt":"2025-12-31T09:11:21","guid":{"rendered":"https:\/\/elektronikk.eu\/1902435\/"},"modified":"2026-04-01T21:03:38","modified_gmt":"2026-04-01T19:03:38","slug":"1902435","status":"publish","type":"product","link":"https:\/\/elektronikk.eu\/en\/1902435\/","title":{"rendered":"USB-C-vegglader med innebygd powerbank og GaN-teknologi, 9600 mAh, hvit"},"content":{"rendered":"<p>GaN-teknologi<br \/>\nLadere med GaN-teknologi er mer kompakte og effektive enn vanlige silisiumbaserte ladere. Dette gj\u00f8r at enheten din f\u00e5r mer str\u00f8m, mens mindre str\u00f8m blir gjort om til varme. GaN-teknologi muliggj\u00f8r dessuten en mye h\u00f8yere spenning sammenlignet med silisiumbaserte ladere.<\/p>\n","protected":false},"excerpt":{"rendered":"<p>En p\u00e5litelig f\u00f8lgesvenn for dine ladebehov. Denne laderen er designet for \u00e5 gj\u00f8re livet ditt enklere. Den tilbyr simultan og rask lading for opptil to enheter, selv n\u00e5r du ikke har et str\u00f8muttak tilgjengelig.<\/p>\n<p>Lad mobiltelefoner, nettbrett og datamaskiner med opptil 60 W hvis du lader \u00e9n enhet eller opptil 30 W hvis du lader to enheter.<\/p>\n","protected":false},"featured_media":94789291,"comment_status":"closed","ping_status":"open","template":"","meta":[],"product_brand":[35291],"product_cat":[35570,35571],"product_tag":[],"class_list":{"0":"post-94786428","1":"product","2":"type-product","3":"status-publish","4":"has-post-thumbnail","6":"product_brand-deltaco","7":"product_cat-batterier","8":"product_cat-powerbank","9":"pa_charger-type-wall_charger","10":"pa_garanti-5years","11":"pa_ladehastighet-40_w","13":"first","14":"onbackorder","15":"purchasable","16":"product-type-simple"},"jetpack_sharing_enabled":true,"_links":{"self":[{"href":"https:\/\/elektronikk.eu\/en\/wp-json\/wp\/v2\/product\/94786428","targetHints":{"allow":["GET"]}}],"collection":[{"href":"https:\/\/elektronikk.eu\/en\/wp-json\/wp\/v2\/product"}],"about":[{"href":"https:\/\/elektronikk.eu\/en\/wp-json\/wp\/v2\/types\/product"}],"replies":[{"embeddable":true,"href":"https:\/\/elektronikk.eu\/en\/wp-json\/wp\/v2\/comments?post=94786428"}],"wp:featuredmedia":[{"embeddable":true,"href":"https:\/\/elektronikk.eu\/en\/wp-json\/wp\/v2\/media\/94789291"}],"wp:attachment":[{"href":"https:\/\/elektronikk.eu\/en\/wp-json\/wp\/v2\/media?parent=94786428"}],"wp:term":[{"taxonomy":"product_brand","embeddable":true,"href":"https:\/\/elektronikk.eu\/en\/wp-json\/wp\/v2\/product_brand?post=94786428"},{"taxonomy":"product_cat","embeddable":true,"href":"https:\/\/elektronikk.eu\/en\/wp-json\/wp\/v2\/product_cat?post=94786428"},{"taxonomy":"product_tag","embeddable":true,"href":"https:\/\/elektronikk.eu\/en\/wp-json\/wp\/v2\/product_tag?post=94786428"}],"curies":[{"name":"wp","href":"https:\/\/api.w.org\/{rel}","templated":true}]}}