{"id":94786410,"date":"2025-12-31T10:11:21","date_gmt":"2025-12-31T09:11:21","guid":{"rendered":"https:\/\/elektronikk.eu\/1902126\/"},"modified":"2026-04-01T21:03:33","modified_gmt":"2026-04-01T19:03:33","slug":"1902126","status":"publish","type":"product","link":"https:\/\/elektronikk.eu\/en\/1902126\/","title":{"rendered":"Tr\u00e5dl\u00f8s powerbank med magnet, USB-C og USB-A, 10 000 mAh, svart"},"content":{"rendered":"<p>Tr\u00e5dl\u00f8s ladekompatibilitet: enheter med integrert tr\u00e5dl\u00f8s lading \/ enheter med tr\u00e5dl\u00f8s lade-add-ons.<br \/>\nPakken inneholder: <\/p>\n<p>Inngangseffekt:<br \/>\nUSB Micro-B DC 5 V \/ 2 A, 9 V \/ 2 A, 12 V \/ 1,5 A, maks. 18 W<br \/>\nUSB-C PD DC 5 V \/ 3 A, 9 V \/ 2 A, 12 V \/ 1,5 A, maks. 18 W<\/p>\n<p>Utgangseffekt:<br \/>\nUSB-A: DC 5 V \/ 3 A, 9 V \/ 2 A, 12 V \/ 1,5 A, maks. 18 W<br \/>\nUSB-C PD: DC 5 V \/ 3 A, 9 V \/ 2,22 A, 12 V \/ 1,67 A, maks. 20 W<\/p>\n<p>Pakken inneholder: powerbank, USB-C- til USB-C-kabel og brukerveiledning<\/p>\n","protected":false},"excerpt":{"rendered":"<p>N\u00e5 kan du nyte godt av enkel tr\u00e5dl\u00f8s lading med denne powerbanken p\u00e5 10 000 mAh, den er designet med en magnet som er kompatibel med Apples magnetiske l\u00f8sning. Den gir opptil 10 W tr\u00e5dl\u00f8s lading og er utstyrt med USB-C- og USB-A-porter, slik at mange ulike enheter er kompatible. Powerbanken har en digital batteriniv\u00e5indikator som enkelt viser batteristatus og kan lades helt opp p\u00e5 kun 2 timer med den medf\u00f8lgende USB-C- til USB-C-kabelen.<\/p>\n","protected":false},"featured_media":94787884,"comment_status":"closed","ping_status":"open","template":"","meta":[],"product_brand":[35291],"product_cat":[35570,35571],"product_tag":[],"class_list":{"0":"post-94786410","1":"product","2":"type-product","3":"status-publish","4":"has-post-thumbnail","6":"product_brand-deltaco","7":"product_cat-batterier","8":"product_cat-powerbank","9":"pa_batteritype-lipo","10":"pa_charger-type-powerbank","11":"pa_features-magsafe_compatible","13":"first","14":"onbackorder","15":"purchasable","16":"product-type-simple"},"jetpack_sharing_enabled":true,"_links":{"self":[{"href":"https:\/\/elektronikk.eu\/en\/wp-json\/wp\/v2\/product\/94786410","targetHints":{"allow":["GET"]}}],"collection":[{"href":"https:\/\/elektronikk.eu\/en\/wp-json\/wp\/v2\/product"}],"about":[{"href":"https:\/\/elektronikk.eu\/en\/wp-json\/wp\/v2\/types\/product"}],"replies":[{"embeddable":true,"href":"https:\/\/elektronikk.eu\/en\/wp-json\/wp\/v2\/comments?post=94786410"}],"wp:featuredmedia":[{"embeddable":true,"href":"https:\/\/elektronikk.eu\/en\/wp-json\/wp\/v2\/media\/94787884"}],"wp:attachment":[{"href":"https:\/\/elektronikk.eu\/en\/wp-json\/wp\/v2\/media?parent=94786410"}],"wp:term":[{"taxonomy":"product_brand","embeddable":true,"href":"https:\/\/elektronikk.eu\/en\/wp-json\/wp\/v2\/product_brand?post=94786410"},{"taxonomy":"product_cat","embeddable":true,"href":"https:\/\/elektronikk.eu\/en\/wp-json\/wp\/v2\/product_cat?post=94786410"},{"taxonomy":"product_tag","embeddable":true,"href":"https:\/\/elektronikk.eu\/en\/wp-json\/wp\/v2\/product_tag?post=94786410"}],"curies":[{"name":"wp","href":"https:\/\/api.w.org\/{rel}","templated":true}]}}