{"id":94786409,"date":"2025-12-31T10:11:21","date_gmt":"2025-12-31T09:11:21","guid":{"rendered":"https:\/\/elektronikk.eu\/1902124\/"},"modified":"2026-04-01T21:03:32","modified_gmt":"2026-04-01T19:03:32","slug":"1902124","status":"publish","type":"product","link":"https:\/\/elektronikk.eu\/en\/1902124\/","title":{"rendered":"Powerbank med hurtiglading og 3 porter, 2 x USB-A 18W, 1 x USB-C 20W PD, 20 000 mAh, sort"},"content":{"rendered":"<p>Eskens innhold: powerbank, USB-A til USB-C ladekabel og h\u00e5ndbok<\/p>\n","protected":false},"excerpt":{"rendered":"<p>Kraftig 20 000 mAh powerbank med 3 porter for simultan lading av dine b\u00e6rbare enheter. 2 x USB-A-porter med hurtiglading (opptil 18 W) og 1 x USB-C-port med str\u00f8mforsyning (opptil 20 W). Powerbanken er utstyrt med en digital batteriindikator som viser gjeldende ladestatus, slik at du enkelt kan se n\u00e5r det er p\u00e5 tide \u00e5 lade, samt et kraftig Li-ion polymerbatteri p\u00e5 20 000 mAh \/ 74 Wh med st\u00f8tte for gjennomgangslading<\/p>\n","protected":false},"featured_media":94787874,"comment_status":"closed","ping_status":"open","template":"","meta":[],"product_brand":[35291],"product_cat":[35570,35571],"product_tag":[],"class_list":{"0":"post-94786409","1":"product","2":"type-product","3":"status-publish","4":"has-post-thumbnail","6":"product_brand-deltaco","7":"product_cat-batterier","8":"product_cat-powerbank","9":"pa_batteritype-lipo","10":"pa_charger-type-powerbank","11":"pa_inngangsport-usb_cmicro_usb","13":"first","14":"onbackorder","15":"purchasable","16":"product-type-simple"},"jetpack_sharing_enabled":true,"_links":{"self":[{"href":"https:\/\/elektronikk.eu\/en\/wp-json\/wp\/v2\/product\/94786409","targetHints":{"allow":["GET"]}}],"collection":[{"href":"https:\/\/elektronikk.eu\/en\/wp-json\/wp\/v2\/product"}],"about":[{"href":"https:\/\/elektronikk.eu\/en\/wp-json\/wp\/v2\/types\/product"}],"replies":[{"embeddable":true,"href":"https:\/\/elektronikk.eu\/en\/wp-json\/wp\/v2\/comments?post=94786409"}],"wp:featuredmedia":[{"embeddable":true,"href":"https:\/\/elektronikk.eu\/en\/wp-json\/wp\/v2\/media\/94787874"}],"wp:attachment":[{"href":"https:\/\/elektronikk.eu\/en\/wp-json\/wp\/v2\/media?parent=94786409"}],"wp:term":[{"taxonomy":"product_brand","embeddable":true,"href":"https:\/\/elektronikk.eu\/en\/wp-json\/wp\/v2\/product_brand?post=94786409"},{"taxonomy":"product_cat","embeddable":true,"href":"https:\/\/elektronikk.eu\/en\/wp-json\/wp\/v2\/product_cat?post=94786409"},{"taxonomy":"product_tag","embeddable":true,"href":"https:\/\/elektronikk.eu\/en\/wp-json\/wp\/v2\/product_tag?post=94786409"}],"curies":[{"name":"wp","href":"https:\/\/api.w.org\/{rel}","templated":true}]}}