{"id":94782095,"date":"2019-07-17T06:27:53","date_gmt":"2019-07-17T04:27:53","guid":{"rendered":"https:\/\/elektronikk.eu\/389299\/"},"modified":"2026-04-01T21:06:06","modified_gmt":"2026-04-01T19:06:06","slug":"389299","status":"publish","type":"product","link":"https:\/\/elektronikk.eu\/en\/389299\/","title":{"rendered":"iPhone 12 mini, Full-Fit Privacy Glass 2-way"},"content":{"rendered":"<p>PANZER\u00ae Premium Privacy Glass 2-Way er den ultimate beskyttelsen for b\u00e5de smarttelefonen og privatlivet ditt. Med det innovative privatliv-filteret trenger du ikke \u00e5 bekymre deg for at folk kikker deg over skulderen n\u00e5r du bruker smarttelefonen. 2-veis beskyttelse forhindrer skjermen fra \u00e5 bli sett fra to vinkler (vertikalt) &#8211; noe som sikrer deg fullstendig privatliv. Laget av ekte PANZER\u00ae-glass som er 9 ganger sterkere (9H) enn vanlig glass og mer ripebestandig enn st\u00e5l. Glasset har Anti-Shatter-film, som holder sk\u00e5r p\u00e5 plass dersom skjermbeskytteren skulle knuses. Den sv\u00e6rt ber\u00f8ringsf\u00f8lsomme skjermbeskytteren har et lysgjennomslipp p\u00e5 60-65 %. Veldig enkel \u00e5 sette p\u00e5 &#8211; lim eller v\u00e6sker trengs ikke.<\/p>\n","protected":false},"excerpt":{"rendered":"<p>PANZER\u00ae Premium Privacy Glass 2-Way er den ultimate beskyttelsen for b\u00e5de smarttelefonen og privatlivet ditt. Med det innovative privatliv-filteret trenger du ikke \u00e5 bekymre deg for at noen kikker deg over skulderen n\u00e5r du bruker smarttelefonen. 2-veis beskyttelse forhindrer skjermen fra \u00e5 bli sett fra to vinkler (vertikalt) &#8211; noe som sikrer deg fullstendig privatliv.<\/p>\n","protected":false},"featured_media":94777519,"comment_status":"closed","ping_status":"open","template":"","meta":[],"product_brand":[35320],"product_cat":[35536],"product_tag":[],"class_list":{"0":"post-94782095","1":"product","2":"type-product","3":"status-publish","4":"has-post-thumbnail","6":"product_brand-panzer","7":"product_cat-kommunikasjon","9":"first","10":"onbackorder","11":"purchasable","12":"product-type-simple"},"jetpack_sharing_enabled":true,"_links":{"self":[{"href":"https:\/\/elektronikk.eu\/en\/wp-json\/wp\/v2\/product\/94782095","targetHints":{"allow":["GET"]}}],"collection":[{"href":"https:\/\/elektronikk.eu\/en\/wp-json\/wp\/v2\/product"}],"about":[{"href":"https:\/\/elektronikk.eu\/en\/wp-json\/wp\/v2\/types\/product"}],"replies":[{"embeddable":true,"href":"https:\/\/elektronikk.eu\/en\/wp-json\/wp\/v2\/comments?post=94782095"}],"wp:featuredmedia":[{"embeddable":true,"href":"https:\/\/elektronikk.eu\/en\/wp-json\/wp\/v2\/media\/94777519"}],"wp:attachment":[{"href":"https:\/\/elektronikk.eu\/en\/wp-json\/wp\/v2\/media?parent=94782095"}],"wp:term":[{"taxonomy":"product_brand","embeddable":true,"href":"https:\/\/elektronikk.eu\/en\/wp-json\/wp\/v2\/product_brand?post=94782095"},{"taxonomy":"product_cat","embeddable":true,"href":"https:\/\/elektronikk.eu\/en\/wp-json\/wp\/v2\/product_cat?post=94782095"},{"taxonomy":"product_tag","embeddable":true,"href":"https:\/\/elektronikk.eu\/en\/wp-json\/wp\/v2\/product_tag?post=94782095"}],"curies":[{"name":"wp","href":"https:\/\/api.w.org\/{rel}","templated":true}]}}