{"id":94782089,"date":"2020-02-08T22:10:27","date_gmt":"2020-02-08T21:10:27","guid":{"rendered":"https:\/\/elektronikk.eu\/389262\/"},"modified":"2026-04-01T21:06:05","modified_gmt":"2026-04-01T19:06:05","slug":"389262","status":"publish","type":"product","link":"https:\/\/elektronikk.eu\/en\/389262\/","title":{"rendered":"Samsung Galaxy S20+, Curved Glass, black"},"content":{"rendered":"<p>PANZER\u00ae Premium Curved Glass har ekstra glatte og avrundede kanter som dekker og beskytter hele skjermen uten \u00e5 etterlate smuss og st\u00f8v mellom skjermbeskytteren og skjermen. Glasset er bare 0,33 mm tykt, noe som gj\u00f8r at skjermbeskytteren er n\u00e6rmest usynlig. Den innovative skjermbeskytteren f\u00f8les glattere enn skjermen til telefonen og forhindrer fingeravtrykk. PANZER\u00ae Premium Curved Glass er dekket med Anti-Shatter-film, som holder sk\u00e5r p\u00e5 plass dersom skjermbeskytteren skulle knuses. Det innovative PANZER\u00ae Curved glass er laget av ekte herdet glass som er 9 ganger sterkere enn vanlig glass (9H) og 150 % mer bestandig mot riper enn st\u00e5l. Veldig enkel \u00e5 sette p\u00e5 &#8211; lim eller v\u00e6sker trengs ikke.<\/p>\n","protected":false},"excerpt":{"rendered":"<p>PANZER\u00ae Premium Curved Glass har ekstra glatte og avrundede kanter som dekker og beskytter hele skjermen uten \u00e5 etterlate smuss og st\u00f8v mellom skjermbeskytteren og skjermen 3D Perfect Fit Edge Protection sikrer beskyttelse av skjermen fra kant til kant. PANZER\u00ae Premium Curved Glass er laget av 0,33 mm herdet glass som er 9 ganger sterkere (9H) enn vanlig glass.<\/p>\n","protected":false},"featured_media":94777511,"comment_status":"closed","ping_status":"open","template":"","meta":[],"product_brand":[35320],"product_cat":[35536],"product_tag":[],"class_list":{"0":"post-94782089","1":"product","2":"type-product","3":"status-publish","4":"has-post-thumbnail","6":"product_brand-panzer","7":"product_cat-kommunikasjon","9":"first","10":"onbackorder","11":"purchasable","12":"product-type-simple"},"jetpack_sharing_enabled":true,"_links":{"self":[{"href":"https:\/\/elektronikk.eu\/en\/wp-json\/wp\/v2\/product\/94782089","targetHints":{"allow":["GET"]}}],"collection":[{"href":"https:\/\/elektronikk.eu\/en\/wp-json\/wp\/v2\/product"}],"about":[{"href":"https:\/\/elektronikk.eu\/en\/wp-json\/wp\/v2\/types\/product"}],"replies":[{"embeddable":true,"href":"https:\/\/elektronikk.eu\/en\/wp-json\/wp\/v2\/comments?post=94782089"}],"wp:featuredmedia":[{"embeddable":true,"href":"https:\/\/elektronikk.eu\/en\/wp-json\/wp\/v2\/media\/94777511"}],"wp:attachment":[{"href":"https:\/\/elektronikk.eu\/en\/wp-json\/wp\/v2\/media?parent=94782089"}],"wp:term":[{"taxonomy":"product_brand","embeddable":true,"href":"https:\/\/elektronikk.eu\/en\/wp-json\/wp\/v2\/product_brand?post=94782089"},{"taxonomy":"product_cat","embeddable":true,"href":"https:\/\/elektronikk.eu\/en\/wp-json\/wp\/v2\/product_cat?post=94782089"},{"taxonomy":"product_tag","embeddable":true,"href":"https:\/\/elektronikk.eu\/en\/wp-json\/wp\/v2\/product_tag?post=94782089"}],"curies":[{"name":"wp","href":"https:\/\/api.w.org\/{rel}","templated":true}]}}