{"id":94781419,"date":"2025-12-31T10:12:47","date_gmt":"2025-12-31T09:12:47","guid":{"rendered":"https:\/\/elektronikk.eu\/2830038\/"},"modified":"2026-04-01T21:04:38","modified_gmt":"2026-04-01T19:04:38","slug":"2830038","status":"publish","type":"product","link":"https:\/\/elektronikk.eu\/en\/2830038\/","title":{"rendered":"Samsung Galaxy S21 Ultra, 0,3 Nude, Transparent"},"content":{"rendered":"<p>0.3 Deksel er skapt i ytterst slank og ytterst lett silikon og garanterer beskyttelse mot st\u00f8t og riper med fri tilgang til alle funksjoner. Utsmykket med Puro-logoen trykt p\u00e5 siden og utstyrt med \u00e5pning for kamera og LED-blits.<\/p>\n","protected":false},"excerpt":{"rendered":"<p>0.3 Nude deksel er det perfekte tilbeh\u00f8ret for \u00e5 beskytte din nye telefon uten \u00e5 endre designen til enheten<\/p>\n","protected":false},"featured_media":94777089,"comment_status":"closed","ping_status":"open","template":"","meta":[],"product_brand":[35302],"product_cat":[35536,35660],"product_tag":[33067],"class_list":{"0":"post-94781419","1":"product","2":"type-product","3":"status-publish","4":"has-post-thumbnail","6":"product_brand-puro","7":"product_cat-kommunikasjon","8":"product_cat-telefon-deksel-kommunikasjon-mobil-telefon-2","9":"product_tag-back-cover","11":"first","12":"onbackorder","13":"purchasable","14":"product-type-simple"},"jetpack_sharing_enabled":true,"_links":{"self":[{"href":"https:\/\/elektronikk.eu\/en\/wp-json\/wp\/v2\/product\/94781419","targetHints":{"allow":["GET"]}}],"collection":[{"href":"https:\/\/elektronikk.eu\/en\/wp-json\/wp\/v2\/product"}],"about":[{"href":"https:\/\/elektronikk.eu\/en\/wp-json\/wp\/v2\/types\/product"}],"replies":[{"embeddable":true,"href":"https:\/\/elektronikk.eu\/en\/wp-json\/wp\/v2\/comments?post=94781419"}],"wp:featuredmedia":[{"embeddable":true,"href":"https:\/\/elektronikk.eu\/en\/wp-json\/wp\/v2\/media\/94777089"}],"wp:attachment":[{"href":"https:\/\/elektronikk.eu\/en\/wp-json\/wp\/v2\/media?parent=94781419"}],"wp:term":[{"taxonomy":"product_brand","embeddable":true,"href":"https:\/\/elektronikk.eu\/en\/wp-json\/wp\/v2\/product_brand?post=94781419"},{"taxonomy":"product_cat","embeddable":true,"href":"https:\/\/elektronikk.eu\/en\/wp-json\/wp\/v2\/product_cat?post=94781419"},{"taxonomy":"product_tag","embeddable":true,"href":"https:\/\/elektronikk.eu\/en\/wp-json\/wp\/v2\/product_tag?post=94781419"}],"curies":[{"name":"wp","href":"https:\/\/api.w.org\/{rel}","templated":true}]}}