{"id":94770878,"date":"2024-10-05T16:32:34","date_gmt":"2024-10-05T14:32:34","guid":{"rendered":"https:\/\/elektronikk.eu\/en\/?post_type=product&#038;p=94770878"},"modified":"2025-01-25T08:23:26","modified_gmt":"2025-01-25T07:23:26","slug":"lifeproof-wake-samsung-galaxy-s20-ultra","status":"publish","type":"product","link":"https:\/\/elektronikk.eu\/en\/lifeproof-wake-samsung-galaxy-s20-ultra\/","title":{"rendered":"LifeProof Wake Samsung Galaxy S20 Ultra"},"content":{"rendered":"<p style=\"text-align: left;\" align=\"center\"><strong>\u00a0LifeProof Wake Samsung Galaxy S20 Ultra er en banebrytende mobiltelefonbeskyttelse som tilbyr enest\u00e5ende beskyttelse og funksjonalitet. Den er spesielt designet for \u00e5 beskytte din Samsung Galaxy S20 Ultra mot vann, st\u00f8v, st\u00f8t og fall. Med sitt stilfulle og elegante design, er LifeProof Wake et ideelt valg for de som \u00f8nsker \u00e5 ta vare p\u00e5 sin S20 Ultra uten \u00e5 g\u00e5 p\u00e5 kompromiss med stil eller beskyttelse. LifeProof WAKE<\/strong><\/p>\n<p style=\"text-align: left;\" align=\"center\"><strong>Saves your phone. And our planet<\/strong><\/p>\n<p style=\"text-align: left;\" align=\"center\"><strong>Dropproof<\/strong><\/p>\n<p style=\"text-align: left;\" align=\"center\">\n<p style=\"text-align: left;\" align=\"center\"><strong>Sustainably Made:\u00a0<\/strong>over 85% ocean based content<br \/>\n<strong>Survives:\u00a0<\/strong>drops from 2 meters<br \/>\n<strong>Ultra-thin:\u00a0<\/strong>one piece design<br \/>\n<strong>Donate:\u00a0<\/strong>part of your purchase to water causes<br \/>\n<strong>Recyclable:\u00a0<\/strong>packaging<br \/>\nAppealsto consumers desire to shop ethically<br \/>\nUnique wave-pattern aesthetic<br \/>\nDoesnt interfere with displays or cameras<\/p>\n<p style=\"text-align: left;\" align=\"center\">\n<p><iframe title=\"Meet W\u0100KE, our first recycled phone case\" width=\"1020\" height=\"574\" src=\"https:\/\/www.youtube.com\/embed\/QgcCqlGUthM?feature=oembed\" frameborder=\"0\" allow=\"accelerometer; autoplay; clipboard-write; encrypted-media; gyroscope; picture-in-picture; web-share\" referrerpolicy=\"strict-origin-when-cross-origin\" allowfullscreen><\/iframe><\/p>\n","protected":false},"excerpt":{"rendered":"<p>\u00a0LifeProof Wake Samsung Galaxy S20 Ultra er en banebrytende mobiltelefonbeskyttelse som tilbyr enest\u00e5ende beskyttelse og funksjonalitet. Den er spesielt designet for \u00e5 beskytte din Samsung Galaxy S20 Ultra mot vann, st\u00f8v, st\u00f8t og fall. Med sitt stilfulle og elegante design, er LifeProof Wake et ideelt valg for de som \u00f8nsker \u00e5 ta vare p\u00e5 sin [&#8230;]\n","protected":false},"featured_media":94770879,"comment_status":"closed","ping_status":"closed","template":"","meta":[],"product_brand":[],"product_cat":[],"product_tag":[],"class_list":{"0":"post-94770878","1":"product","2":"type-product","3":"status-publish","4":"has-post-thumbnail","7":"first","8":"onbackorder","9":"taxable","10":"shipping-taxable","11":"purchasable","12":"product-type-simple"},"jetpack_sharing_enabled":true,"_links":{"self":[{"href":"https:\/\/elektronikk.eu\/en\/wp-json\/wp\/v2\/product\/94770878","targetHints":{"allow":["GET"]}}],"collection":[{"href":"https:\/\/elektronikk.eu\/en\/wp-json\/wp\/v2\/product"}],"about":[{"href":"https:\/\/elektronikk.eu\/en\/wp-json\/wp\/v2\/types\/product"}],"replies":[{"embeddable":true,"href":"https:\/\/elektronikk.eu\/en\/wp-json\/wp\/v2\/comments?post=94770878"}],"wp:featuredmedia":[{"embeddable":true,"href":"https:\/\/elektronikk.eu\/en\/wp-json\/wp\/v2\/media\/94770879"}],"wp:attachment":[{"href":"https:\/\/elektronikk.eu\/en\/wp-json\/wp\/v2\/media?parent=94770878"}],"wp:term":[{"taxonomy":"product_brand","embeddable":true,"href":"https:\/\/elektronikk.eu\/en\/wp-json\/wp\/v2\/product_brand?post=94770878"},{"taxonomy":"product_cat","embeddable":true,"href":"https:\/\/elektronikk.eu\/en\/wp-json\/wp\/v2\/product_cat?post=94770878"},{"taxonomy":"product_tag","embeddable":true,"href":"https:\/\/elektronikk.eu\/en\/wp-json\/wp\/v2\/product_tag?post=94770878"}],"curies":[{"name":"wp","href":"https:\/\/api.w.org\/{rel}","templated":true}]}}