{"id":94762325,"date":"2024-06-16T10:51:11","date_gmt":"2024-06-16T08:51:11","guid":{"rendered":"https:\/\/elektronikk.eu\/?post_type=product&#038;p=94762325"},"modified":"2025-09-01T05:02:30","modified_gmt":"2025-09-01T03:02:30","slug":"ubiquiti-unifi-access-reader-pro","status":"publish","type":"product","link":"https:\/\/elektronikk.eu\/en\/ubiquiti-unifi-access-reader-pro\/","title":{"rendered":"Ubiquiti Unifi Access Reader PRO"},"content":{"rendered":"<div class=\"c-product-specifications__category\">\n<h4 class=\"u-fs-14 u-fw-bold\">Topptekst<\/h4>\n<div class=\"row no-gutters u-bb u-border-light\">\n<div class=\"col-5 col-lg-4\">Produsent<\/div>\n<div class=\"col-7 col-lg-8 u-px-8 d-flex align-items-end\"><span class=\"u-overflow-auto\"><a href=\"https:\/\/www.dustinhome.no\/group\/hardware\/nettverk\/sikkerhetsprodukter\/callinganlegg?manufacturer=ubiquiti\" data-id=\"productpage-manufacturerlink-spec\" target=\"_blank\" rel=\"noopener\">Ubiquiti<\/a><\/span><\/div>\n<\/div>\n<\/div>\n<div class=\"c-product-specifications__category\">\n<h4 class=\"u-fs-14 u-fw-bold\">Tekniske detaljer<\/h4>\n<div class=\"row no-gutters u-bb u-border-light\">\n<div class=\"col-5 col-lg-4\">Autentiseringstype<\/div>\n<div class=\"col-7 col-lg-8 u-px-8 d-flex align-items-end\"><span class=\"u-overflow-auto\">N\u00f8kkel chip\/kort<\/span><\/div>\n<\/div>\n<div class=\"row no-gutters u-bb u-border-light\">\n<div class=\"col-5 col-lg-4\">Chip\/kortleser, adgang<\/div>\n<div class=\"col-7 col-lg-8 u-px-8 d-flex align-items-end\"><span class=\"u-overflow-auto\">Ja<\/span><\/div>\n<\/div>\n<div class=\"row no-gutters u-bb u-border-light\">\n<div class=\"col-5 col-lg-4\">Produktfarge<\/div>\n<div class=\"col-7 col-lg-8 u-px-8 d-flex align-items-end\"><span class=\"u-overflow-auto\">Hvit<\/span><\/div>\n<\/div>\n<div class=\"row no-gutters u-bb u-border-light\">\n<div class=\"col-5 col-lg-4\">Internasjonal beskyttelses (IP)-kode<\/div>\n<div class=\"col-7 col-lg-8 u-px-8 d-flex align-items-end\"><span class=\"u-overflow-auto\">IP54<\/span><\/div>\n<\/div>\n<\/div>\n<div class=\"c-product-specifications__category\">\n<h4 class=\"u-fs-14 u-fw-bold\">Kamera<\/h4>\n<div class=\"row no-gutters u-bb u-border-light\">\n<div class=\"col-5 col-lg-4\">Frontkamera<\/div>\n<div class=\"col-7 col-lg-8 u-px-8 d-flex align-items-end\"><span class=\"u-overflow-auto\">Ja<\/span><\/div>\n<\/div>\n<div class=\"row no-gutters u-bb u-border-light\">\n<div class=\"col-5 col-lg-4\">Synsvinkel, horisontal<\/div>\n<div class=\"col-7 col-lg-8 u-px-8 d-flex align-items-end\"><span class=\"u-overflow-auto\">147.5\u00a0\u00b0<\/span><\/div>\n<\/div>\n<div class=\"row no-gutters u-bb u-border-light\">\n<div class=\"col-5 col-lg-4\">Synsvinkel, vertikal<\/div>\n<div class=\"col-7 col-lg-8 u-px-8 d-flex align-items-end\"><span class=\"u-overflow-auto\">147.5\u00a0\u00b0<\/span><\/div>\n<\/div>\n<\/div>\n<div class=\"c-product-specifications__category\">\n<h4 class=\"u-fs-14 u-fw-bold\">Tilkoblingsevne<\/h4>\n<div class=\"row no-gutters u-bb u-border-light\">\n<div class=\"col-5 col-lg-4\">Bluetooth<\/div>\n<div class=\"col-7 col-lg-8 u-px-8 d-flex align-items-end\"><span class=\"u-overflow-auto\">Ja<\/span><\/div>\n<\/div>\n<div class=\"row no-gutters u-bb u-border-light\">\n<div class=\"col-5 col-lg-4\">Bluetooth-versjon<\/div>\n<div class=\"col-7 col-lg-8 u-px-8 d-flex align-items-end\"><span class=\"u-overflow-auto\">4.2<\/span><\/div>\n<\/div>\n<div class=\"row no-gutters u-bb u-border-light\">\n<div class=\"col-5 col-lg-4\">Near Field Communication (NFC)<\/div>\n<div class=\"col-7 col-lg-8 u-px-8 d-flex align-items-end\"><span class=\"u-overflow-auto\">Ja<\/span><\/div>\n<\/div>\n<div class=\"row no-gutters u-bb u-border-light\">\n<div class=\"col-5 col-lg-4\">Ethernet LAN dataoverf\u00f8ringshastigheter<\/div>\n<div class=\"col-7 col-lg-8 u-px-8 d-flex align-items-end\"><span class=\"u-overflow-auto\">10, 100\u00a0Mbit\/s<\/span><\/div>\n<\/div>\n<\/div>\n<div class=\"c-product-specifications__category\">\n<h4 class=\"u-fs-14 u-fw-bold\">Energih\u00e5ndtering<\/h4>\n<div class=\"row no-gutters u-bb u-border-light\">\n<div class=\"col-5 col-lg-4\">Str\u00f8m over Ethernet (PoE)<\/div>\n<div class=\"col-7 col-lg-8 u-px-8 d-flex align-items-end\"><span class=\"u-overflow-auto\">Ja<\/span><\/div>\n<\/div>\n<div class=\"row no-gutters u-bb u-border-light\">\n<div class=\"col-5 col-lg-4\">Power over Ethernet (PoE)-ports, antall<\/div>\n<div class=\"col-7 col-lg-8 u-px-8 d-flex align-items-end\"><span class=\"u-overflow-auto\">1<\/span><\/div>\n<\/div>\n<\/div>\n<div class=\"c-product-specifications__category\">\n<h4 class=\"u-fs-14 u-fw-bold\">Milj\u00f8messige forhold<\/h4>\n<div class=\"row no-gutters u-bb u-border-light\">\n<div class=\"col-5 col-lg-4\">Driftstemperatur (T-T)<\/div>\n<div class=\"col-7 col-lg-8 u-px-8 d-flex align-items-end\"><span class=\"u-overflow-auto\">-10 &#8211; 40\u00a0\u00b0C<\/span><\/div>\n<\/div>\n<div class=\"row no-gutters u-bb u-border-light\">\n<div class=\"col-5 col-lg-4\">Relativ luftfuktighet under drift (H-H)<\/div>\n<div class=\"col-7 col-lg-8 u-px-8 d-flex align-items-end\"><span class=\"u-overflow-auto\">5 &#8211; 90\u00a0%<\/span><\/div>\n<\/div>\n<\/div>\n<div class=\"c-product-specifications__category\">\n<h4 class=\"u-fs-14 u-fw-bold\">Vekt og dimensjoner<\/h4>\n<div class=\"row no-gutters u-bb u-border-light\">\n<div class=\"col-5 col-lg-4\">Bredde<\/div>\n<div class=\"col-7 col-lg-8 u-px-8 d-flex align-items-end\"><span class=\"u-overflow-auto\">73.4\u00a0mm<\/span><\/div>\n<\/div>\n<div class=\"row no-gutters u-bb u-border-light\">\n<div class=\"col-5 col-lg-4\">Dybde<\/div>\n<div class=\"col-7 col-lg-8 u-px-8 d-flex align-items-end\"><span class=\"u-overflow-auto\">62.28\u00a0mm<\/span><\/div>\n<\/div>\n<div class=\"row no-gutters u-bb u-border-light\">\n<div class=\"col-5 col-lg-4\">H\u00f8yde<\/div>\n<div class=\"col-7 col-lg-8 u-px-8 d-flex align-items-end\"><span class=\"u-overflow-auto\">26.55\u00a0mm<\/span><\/div>\n<\/div>\n<div class=\"row no-gutters u-bb u-border-light\">\n<div class=\"col-5 col-lg-4\">Vekt<\/div>\n<div class=\"col-7 col-lg-8 u-px-8 d-flex align-items-end\"><span class=\"u-overflow-auto\">85\u00a0g<\/span><\/div>\n<\/div>\n<\/div>\n<div class=\"c-product-specifications__category\">\n<h4 class=\"u-fs-14 u-fw-bold\">Garanti og tjenester<\/h4>\n<div class=\"row no-gutters u-bb u-border-light\">\n<div class=\"col-5 col-lg-4\">Garanti<\/div>\n<div class=\"col-7 col-lg-8 u-px-8 d-flex align-items-end\"><span class=\"u-overflow-auto\">1\u00a0<\/span><\/div>\n<\/div>\n<\/div>\n<div class=\"embed-responsive embed-responsive-16by9\"><\/div>\n","protected":false},"excerpt":{"rendered":"<p>Topptekst Produsent Ubiquiti Tekniske detaljer Autentiseringstype N\u00f8kkel chip\/kort Chip\/kortleser, adgang Ja Produktfarge Hvit Internasjonal beskyttelses (IP)-kode IP54 Kamera Frontkamera Ja Synsvinkel, horisontal 147.5\u00a0\u00b0 Synsvinkel, vertikal 147.5\u00a0\u00b0 Tilkoblingsevne Bluetooth Ja Bluetooth-versjon 4.2 Near Field Communication (NFC) Ja Ethernet LAN dataoverf\u00f8ringshastigheter 10, 100\u00a0Mbit\/s Energih\u00e5ndtering Str\u00f8m over Ethernet (PoE) Ja Power over Ethernet (PoE)-ports, antall 1 Milj\u00f8messige forhold [&#8230;]\n","protected":false},"featured_media":94762326,"comment_status":"closed","ping_status":"closed","template":"","meta":[],"product_brand":[],"product_cat":[],"product_tag":[],"class_list":{"0":"post-94762325","1":"product","2":"type-product","3":"status-publish","4":"has-post-thumbnail","7":"first","8":"instock","9":"taxable","10":"shipping-taxable","11":"purchasable","12":"product-type-simple"},"jetpack_sharing_enabled":true,"_links":{"self":[{"href":"https:\/\/elektronikk.eu\/en\/wp-json\/wp\/v2\/product\/94762325","targetHints":{"allow":["GET"]}}],"collection":[{"href":"https:\/\/elektronikk.eu\/en\/wp-json\/wp\/v2\/product"}],"about":[{"href":"https:\/\/elektronikk.eu\/en\/wp-json\/wp\/v2\/types\/product"}],"replies":[{"embeddable":true,"href":"https:\/\/elektronikk.eu\/en\/wp-json\/wp\/v2\/comments?post=94762325"}],"wp:featuredmedia":[{"embeddable":true,"href":"https:\/\/elektronikk.eu\/en\/wp-json\/wp\/v2\/media\/94762326"}],"wp:attachment":[{"href":"https:\/\/elektronikk.eu\/en\/wp-json\/wp\/v2\/media?parent=94762325"}],"wp:term":[{"taxonomy":"product_brand","embeddable":true,"href":"https:\/\/elektronikk.eu\/en\/wp-json\/wp\/v2\/product_brand?post=94762325"},{"taxonomy":"product_cat","embeddable":true,"href":"https:\/\/elektronikk.eu\/en\/wp-json\/wp\/v2\/product_cat?post=94762325"},{"taxonomy":"product_tag","embeddable":true,"href":"https:\/\/elektronikk.eu\/en\/wp-json\/wp\/v2\/product_tag?post=94762325"}],"curies":[{"name":"wp","href":"https:\/\/api.w.org\/{rel}","templated":true}]}}