{"id":94762228,"date":"2016-09-02T12:19:40","date_gmt":"2016-09-02T10:19:40","guid":{"rendered":"https:\/\/elektronikk.eu\/veggfeste-tv\/"},"modified":"2026-04-14T22:54:41","modified_gmt":"2026-04-14T20:54:41","slug":"arm-1100","status":"publish","type":"product","link":"https:\/\/elektronikk.eu\/en\/arm-1100\/","title":{"rendered":"Fast veggfeste, med vater, 32&#8243;-55&#8243;, 40 kg, svart"},"content":{"rendered":"<p>Veggbrakett for skjermer opp til 55&#8243; og 40kg i vekt. Veggbraketten har en retningsviser som viser hvilken side som skal peke oppover, den har innebygget bobleniv\u00e5 for \u00e5 hjelpe deg med \u00e5 montere den i vater. Veggbraketten strekker seg 53mm fra vegg.<\/p>\n","protected":false},"excerpt":{"rendered":"<p>Fast veggfeste for TV\/skjerm, 32-55&#8243;, maks 40kg, VESA 200&#215;200-400&#215;400, slank, bobleniv\u00e5, svart<\/p>\n","protected":false},"featured_media":94762234,"comment_status":"open","ping_status":"closed","template":"","meta":[],"product_brand":[],"product_cat":[],"product_tag":[],"class_list":{"0":"post-94762228","1":"product","2":"type-product","3":"status-publish","4":"has-post-thumbnail","7":"first","8":"instock","9":"taxable","10":"shipping-taxable","11":"purchasable","12":"product-type-simple"},"jetpack_sharing_enabled":true,"_links":{"self":[{"href":"https:\/\/elektronikk.eu\/en\/wp-json\/wp\/v2\/product\/94762228","targetHints":{"allow":["GET"]}}],"collection":[{"href":"https:\/\/elektronikk.eu\/en\/wp-json\/wp\/v2\/product"}],"about":[{"href":"https:\/\/elektronikk.eu\/en\/wp-json\/wp\/v2\/types\/product"}],"replies":[{"embeddable":true,"href":"https:\/\/elektronikk.eu\/en\/wp-json\/wp\/v2\/comments?post=94762228"}],"wp:featuredmedia":[{"embeddable":true,"href":"https:\/\/elektronikk.eu\/en\/wp-json\/wp\/v2\/media\/94762234"}],"wp:attachment":[{"href":"https:\/\/elektronikk.eu\/en\/wp-json\/wp\/v2\/media?parent=94762228"}],"wp:term":[{"taxonomy":"product_brand","embeddable":true,"href":"https:\/\/elektronikk.eu\/en\/wp-json\/wp\/v2\/product_brand?post=94762228"},{"taxonomy":"product_cat","embeddable":true,"href":"https:\/\/elektronikk.eu\/en\/wp-json\/wp\/v2\/product_cat?post=94762228"},{"taxonomy":"product_tag","embeddable":true,"href":"https:\/\/elektronikk.eu\/en\/wp-json\/wp\/v2\/product_tag?post=94762228"}],"curies":[{"name":"wp","href":"https:\/\/api.w.org\/{rel}","templated":true}]}}