{"id":94739978,"date":"2024-01-12T08:25:08","date_gmt":"2024-01-12T07:25:08","guid":{"rendered":"https:\/\/elektronikk.eu\/?post_type=product&#038;p=94739978"},"modified":"2026-04-14T22:54:38","modified_gmt":"2026-04-14T20:54:38","slug":"utbyggbar-sms-strombryter-med-temperaturvakt-og-alarm-ved-strombrudd","status":"publish","type":"product","link":"https:\/\/elektronikk.eu\/en\/utbyggbar-sms-strombryter-med-temperaturvakt-og-alarm-ved-strombrudd\/","title":{"rendered":"Utbyggbar SMS-str\u00f8mbryter med temperaturvakt og alarm ved str\u00f8mbrudd"},"content":{"rendered":"<h2 class=\"ac ev ew aw eu\">Fjernstr\u00f8mbryter for mobilnettet<\/h2>\n<p>Koble SMS-str\u00f8mbryteren til n\u00e6rmeste stikkontakt, og den enheten du vil sl\u00e5 p\u00e5 og av i stikkontakten p\u00e5 forsiden av din nye SMS-str\u00f8mbryter. Sett inn et SIM-kort, s\u00e5 kommer du raskt i gang med overv\u00e5kningen. Enkel, smart og p\u00e5litelig.<\/p>\n<p>En enkel og komfortabel m\u00e5te for \u00e5 fjernstyre av-\/p\u00e5sl\u00e5ing av forskjellig utstyr der du ikke har internett-tilkobling, men ogs\u00e5 for \u00e5 bli varslet ved str\u00f8mbrudd eller u\u00f8nskede temperaturer.<\/p>\n<p>Enheten kan ogs\u00e5 programmeres for \u00e5 tidsstyre av-\/p\u00e5sl\u00e5ing. Den interne klokken synkroniseres med mobilnettet og er derfor veldig p\u00e5litelig.<\/p>\n<p><img decoding=\"async\" src=\"https:\/\/www.direktronik.no\/globalassets\/_product-images--pdf\/5.-overvakning\/5.5-automationscada\/06.-larminsamlingloggers-68\/116-8752.jpg\" alt=\"SMS-alarm\" width=\"412\" height=\"350\" title=\"\"><\/p>\n<h3>Av eller p\u00e5 ved gitt temperatur<\/h3>\n<p>Ved hjelp av det eksterne termometeret som medf\u00f8lger, kan du stille inn grenseverdier. N\u00e5r disse oppn\u00e5s, kan tilkoblet utstyr enten sl\u00e5s p\u00e5 eller av, eller du kan velge \u00e5 motta en SMS med beskjed om at det har blitt for kaldt eller for varmt. Hvis du kobler til en panelovn, kan SMS-str\u00f8mbryteren fungere som en termostat. Du kan ogs\u00e5 sende en SMS til enheten for \u00e5 sl\u00e5 p\u00e5 panelovnen og varmen p\u00e5 forh\u00e5nd, slik at stua er varm n\u00e5r du kommer.<\/p>\n<h3>Alarm ved str\u00f8mbrudd<\/h3>\n<p>Det finnes en rekke situasjoner og tilfeller hvor str\u00f8mbrudd kan for\u00e5rsake store problemer hvis det ikke blir oppdaget tidsnok. Med dette produktet kan du v\u00e6re trygg p\u00e5 at hvis dette skjer, f\u00e5r du umiddelbart en alarm i form av en SMS-melding samt en ny melding n\u00e5r str\u00f8mmen har kommet tilbake.<\/p>\n<h3>Bygg ut og koble til flere enheter.<\/h3>\n<p>Til hovedenheten kan du koble opptil fire ekstra stikkontakter i form av\u00a0<a title=\"temperaturalarm\" href=\"https:\/\/www.direktronik.no\/direktronik\/overvaking-kontroll\/automasjonscada\/sensorer-og-alarmutstyr\/sms-strombrytare-med-temperaturvakt2\/?variationCode=116-8753\" rel=\"noopener\" target=\"_blank\">slaver<\/a>\u00a0(kj\u00f8pes separat, se tilbeh\u00f8r). Disse kan ogs\u00e5 sl\u00e5 p\u00e5\/av stikkontakter og m\u00e5le og varsle ved u\u00f8nskede temperaturer, p\u00e5 samme m\u00e5te som hovedenhetene. Slavene kommuniserer tr\u00e5dl\u00f8st via 433 MHz med hovedenheten, og derfor krever de ikke egne SIM-kort.<\/p>\n<h3>Lag en mobilstyrt husalarm, utvid og koble til opptil seks alarmsensorer.<\/h3>\n<p>Til hovedenheten kan du ogs\u00e5 koble tr\u00e5dl\u00f8se d\u00f8rsensorer (se tilbeh\u00f8r), vindussensor, r\u00f8ykvarsler og sirene.\u00a0 Du kan med andre ord lage din egen husalarm.<\/p>\n<h3>F\u00e5 SMS ved vannlekkasje, og unng\u00e5 kostbare vannskader<\/h3>\n<p>Til SMS-fjernstr\u00f8mbryteren kan du, i tillegg til alarmsensorene, ogs\u00e5 koble en sensor som registrerer og varsler din SMS-str\u00f8mbryter tr\u00e5dl\u00f8st ved den minste vannlekkasje. En enkel og effektiv m\u00e5te for \u00e5 bli varslet via SMS f\u00f8r vannskaden er et faktum. Perfekt for eksempel til hytta eller andre milj\u00f8er der du ikke er daglig for \u00e5 sjekke statusen selv.<\/p>\n<p>Det kreves ikke Wi-Fi eller internett-tilgang. Alt styres via SIM-kortet i hovedenheten og med mobiltelefonen din.<\/p>\n<p><img decoding=\"async\" src=\"https:\/\/www.direktronik.no\/globalassets\/_product-images--pdf\/2.-kommunikation-datacenter\/2.1-stromforsorjning\/01.-basic-pdu--grenuttag-31\/16-875453.jpg\" alt=\"16-8754+53.jpg\" width=\"382\" height=\"310\" title=\"\"><\/p>\n<h3>Sikkerhet via autorisert nummer, SMS eller app p\u00e5 telefonen.<\/h3>\n<p>Enheten konfigureres og styres ved hjelp av SMS eller via app p\u00e5 smarttelefonen. Opptil fem forh\u00e5ndsprogrammerte mobilnumre kan sende instruksjoner og motta alarmer fra enheten. Disse mobilnumrene m\u00e5 f\u00f8rst godkjennes av en hovedbruker, slik at du er beskyttet mot uvedkommende.<\/p>\n<p>Bruker mini-SIM. Fungerer med alle mobilnett, bortsett fra operat\u00f8ren Tres<\/p>\n<p><em>OBS! Denne artikkelen st\u00f8tter alle frekvenser fra 2G, 3G, 4G,\u00a0LTE FDD: B1, B3, B5, B7, B8, B20. I motsetning til andre modeller p\u00e5 markedet, som bare fungerer p\u00e5 2G\u00a0<\/em><\/p>\n<p>&nbsp;<\/p>\n<ul>\n<li>GSM\u00a04G LTE\u00a0LTE FDD: B1, B3, B5, B7, B8, B20<br \/>\nLTE TDD: B40 3G og 2G<\/li>\n<li>H\u00f8y effekt: 16 A, 3600 W 110\u2013230 V AC<\/li>\n<li>Temperatur- eller tidsstyrt automatikk<\/li>\n<li>Sikkerhet via autoriserte numre<\/li>\n<li>Produktst\u00f8rrelse 125 x 60 x 80 mm (EU Schuko)<\/li>\n<li>Arbeidstemperatur \u201310 ~ +50 \u2103<\/li>\n<li>Temperatursensor -10 \u2103~+50 \u2103<\/li>\n<li>Som\u00a0<a title=\"tilbeh\u00f8r til temperatursensor\" href=\"https:\/\/www.direktronik.no\/direktronik\/tillbehor\/temperatursensor-2m--30-till-100-c\/?variationCode=119-0416\" rel=\"noopener\" target=\"_blank\">er det sensor med utvidet temperatur -30 \u00b0C ~ + 100 \u00b0C<\/a><\/li>\n<li>Standard SIM-kort 15 \u00d7 25 mm<\/li>\n<li>Vi anbefaler Telias kontantkort, siden de generelt har den beste dekningen.<\/li>\n<\/ul>\n<p>&nbsp;<\/p>\n<p>P\u00e5 filmen nedenfor ser du hvor raskt du kan komme i gang med overv\u00e5kningen med v\u00e5r\u00a0<a title=\"SMS-alarm\" href=\"https:\/\/www.direktronik.no\/direktronik\/overvaking-kontroll\/automasjonscada\/alarminnsamling-loggers\/sms-larm-vid-oonskad-temperatur-och-stromavbrott\/\" rel=\"noopener\" target=\"_blank\">SMS-alarm<\/a>. Denne SMS-str\u00f8mbryteren fungerer p\u00e5 samme m\u00e5te.<\/p>\n<p><iframe src=\"https:\/\/www.youtube.com\/embed\/ddvuyE274II\" width=\"560\" height=\"314\" allowfullscreen=\"allowfullscreen\" data-mce-fragment=\"1\"><\/iframe><\/p>\n<p>&nbsp;<\/p>\n","protected":false},"excerpt":{"rendered":"<p>Gj\u00f8r det enkelt \u00e5 kontrollere opptil fem stikkontakter, temperatursensorer og seks alarmsensorer ved hjelp av mobiltelefonen over 3G\/4G. Fjernstyr av-\/p\u00e5sl\u00e5ing av forskjellig utstyr, enten automatisk, for eksempel ved \u00e5 sl\u00e5 p\u00e5 panelovnen ved en bestemt temperatur, tidsplan for belysning, eller manuell styring via SMS.<\/p>\n","protected":false},"featured_media":94739979,"comment_status":"open","ping_status":"closed","template":"","meta":[],"product_brand":[],"product_cat":[35511],"product_tag":[26800],"class_list":{"0":"post-94739978","1":"product","2":"type-product","3":"status-publish","4":"has-post-thumbnail","6":"product_cat-alarm","7":"product_tag-temperaturvakt","9":"first","10":"instock","11":"taxable","12":"shipping-taxable","13":"purchasable","14":"product-type-simple"},"_links":{"self":[{"href":"https:\/\/elektronikk.eu\/en\/wp-json\/wp\/v2\/product\/94739978","targetHints":{"allow":["GET"]}}],"collection":[{"href":"https:\/\/elektronikk.eu\/en\/wp-json\/wp\/v2\/product"}],"about":[{"href":"https:\/\/elektronikk.eu\/en\/wp-json\/wp\/v2\/types\/product"}],"replies":[{"embeddable":true,"href":"https:\/\/elektronikk.eu\/en\/wp-json\/wp\/v2\/comments?post=94739978"}],"wp:featuredmedia":[{"embeddable":true,"href":"https:\/\/elektronikk.eu\/en\/wp-json\/wp\/v2\/media\/94739979"}],"wp:attachment":[{"href":"https:\/\/elektronikk.eu\/en\/wp-json\/wp\/v2\/media?parent=94739978"}],"wp:term":[{"taxonomy":"product_brand","embeddable":true,"href":"https:\/\/elektronikk.eu\/en\/wp-json\/wp\/v2\/product_brand?post=94739978"},{"taxonomy":"product_cat","embeddable":true,"href":"https:\/\/elektronikk.eu\/en\/wp-json\/wp\/v2\/product_cat?post=94739978"},{"taxonomy":"product_tag","embeddable":true,"href":"https:\/\/elektronikk.eu\/en\/wp-json\/wp\/v2\/product_tag?post=94739978"}],"curies":[{"name":"wp","href":"https:\/\/api.w.org\/{rel}","templated":true}]}}