{"id":94770925,"date":"2024-10-16T22:47:15","date_gmt":"2024-10-16T20:47:15","guid":{"rendered":"https:\/\/elektronikk.eu\/?page_id=94770925"},"modified":"2024-10-17T06:39:06","modified_gmt":"2024-10-17T04:39:06","slug":"far-ikke-oppdatert-polycom-studio","status":"publish","type":"page","link":"https:\/\/elektronikk.eu\/en\/far-ikke-oppdatert-polycom-studio\/","title":{"rendered":"F\u00e5r ikke oppdatert Polycom studio"},"content":{"rendered":"\nProblem:\n-F\u00e5r ikke opp Polycom studio i Poly lens for \u00e5 oppdatere og konfigurere.\n-Kamera dukker ikke opp under enhetsbehandling\n-Baren blinker gult i toppen\n-Den dukker opp i enhetsbehandling under Universal Serial bus-enheter\n-Testet med Release 1.4.0\n\n\n\n<p>L\u00f8sning:<br>Ta en fabrikk resett av baren uten \u00e5 ha USB kabel tilkoblet. <br>Resett utf\u00f8res ved \u00e5:<\/p>\n\n\n\n<p>&#8211; Ta av str\u00f8mmen.<br>&#8211; Hold inne reset knappen p\u00e5 undersiden med en binders el. mens man setter inn str\u00f8m.<br>&#8211; Fortsett \u00e5 holde inne resett til baren blinker gult. <br>-Slipp reset og vent noen minutter til den tilbakestiller seg.<\/p>\n\n\n\n<p>Baren skal ha stabilt gult lys.<br>Lukk Poly lens programmet, lukk det ogs\u00e5 fra system ved \u00e5 h\u00f8yreklikke og velg quit<\/p>\n\n\n\n<figure class=\"wp-block-image size-full is-resized\"><img decoding=\"async\" width=\"314\" height=\"489\" src=\"https:\/\/elektronikk.eu\/wp-content\/uploads\/lukk-poly-lens-1.png\" alt=\"lukk poly lens\" class=\"wp-image-94770927\" style=\"width:200px;height:auto\" title=\"\" srcset=\"https:\/\/elektronikk.eu\/wp-content\/uploads\/lukk-poly-lens-1.png 314w, https:\/\/elektronikk.eu\/wp-content\/uploads\/lukk-poly-lens-1-257x400.png 257w, https:\/\/elektronikk.eu\/wp-content\/uploads\/lukk-poly-lens-1-8x12.png 8w, https:\/\/elektronikk.eu\/wp-content\/uploads\/lukk-poly-lens-1-193x300.png 193w, https:\/\/elektronikk.eu\/wp-content\/uploads\/lukk-poly-lens-1-64x100.png 64w\" sizes=\"(max-width: 314px) 100vw, 314px\" \/><\/figure>\n\n\n\n<p>\u00c5pne Polycom companion som er den gammle versjonen av Polycom lens. Den kan lastes ned <a href=\"https:\/\/elektronikk.eu\/wp-content\/PolycomCompanionSetup_1.7.0_27785.exe\">her<\/a>.<\/p>\n\n\n\n<p>Sett inn usb og forh\u00e5pentligvis dukker da baren opp og man f\u00e5r tatt en oppdatering til release 1.5.0.<\/p>\n\n\n\n<p>For best result, use the manual firmware upload.<\/p>\n\n\n\n<p>This can be downloaded from <a href=\"https:\/\/lens.poly.com\/\" target=\"_blank\" rel=\"noopener\">lens.poly.com<\/a>. <br>You need to create an account to access the files.<\/p>\n\n\n\n<p>Detter kan ta lang tid.<\/p>\n\n\n\n<figure class=\"wp-block-image size-full\"><img decoding=\"async\" width=\"791\" height=\"437\" src=\"https:\/\/elektronikk.eu\/wp-content\/uploads\/Companion.png\" alt=\"Companion\" class=\"wp-image-94770928\" title=\"\" srcset=\"https:\/\/elektronikk.eu\/wp-content\/uploads\/Companion.png 791w, https:\/\/elektronikk.eu\/wp-content\/uploads\/Companion-724x400.png 724w, https:\/\/elektronikk.eu\/wp-content\/uploads\/Companion-768x424.png 768w, https:\/\/elektronikk.eu\/wp-content\/uploads\/Companion-18x10.png 18w, https:\/\/elektronikk.eu\/wp-content\/uploads\/Companion-300x166.png 300w, https:\/\/elektronikk.eu\/wp-content\/uploads\/Companion-600x331.png 600w, https:\/\/elektronikk.eu\/wp-content\/uploads\/Companion-100x55.png 100w\" sizes=\"(max-width: 791px) 100vw, 791px\" \/><\/figure>\n\n\n\n<p><a href=\"https:\/\/elektronikk.eu\/how-do-i-pair-the-poly-studio-to-the-remote-control\/\">See also how to pair the remote.<\/a><\/p>\n\n\n\n<p>Credit til Freddy \ud83d\ude42<\/p>\n","protected":false},"excerpt":{"rendered":"<p>Problem: -F\u00e5r ikke opp Polycom studio i Poly lens for \u00e5 oppdatere og konfigurere. -Kamera dukker ikke opp under enhetsbehandling -Baren blinker gult i toppen -Den dukker opp i enhetsbehandling under Universal Serial bus-enheter -Testet med Release 1.4.0 L\u00f8sning:Ta en fabrikk resett av baren uten \u00e5 ha USB kabel tilkoblet. Resett utf\u00f8res ved \u00e5: &#8211; [&#8230;]\n","protected":false},"author":1,"featured_media":0,"parent":0,"menu_order":0,"comment_status":"closed","ping_status":"closed","template":"","meta":{"footnotes":""},"class_list":["post-94770925","page","type-page","status-publish","hentry"],"jetpack_shortlink":"https:\/\/wp.me\/PcNE7J-6pEfj","jetpack_sharing_enabled":true,"_links":{"self":[{"href":"https:\/\/elektronikk.eu\/en\/wp-json\/wp\/v2\/pages\/94770925","targetHints":{"allow":["GET"]}}],"collection":[{"href":"https:\/\/elektronikk.eu\/en\/wp-json\/wp\/v2\/pages"}],"about":[{"href":"https:\/\/elektronikk.eu\/en\/wp-json\/wp\/v2\/types\/page"}],"author":[{"embeddable":true,"href":"https:\/\/elektronikk.eu\/en\/wp-json\/wp\/v2\/users\/1"}],"replies":[{"embeddable":true,"href":"https:\/\/elektronikk.eu\/en\/wp-json\/wp\/v2\/comments?post=94770925"}],"version-history":[{"count":0,"href":"https:\/\/elektronikk.eu\/en\/wp-json\/wp\/v2\/pages\/94770925\/revisions"}],"wp:attachment":[{"href":"https:\/\/elektronikk.eu\/en\/wp-json\/wp\/v2\/media?parent=94770925"}],"curies":[{"name":"wp","href":"https:\/\/api.w.org\/{rel}","templated":true}]}}