{"id":94791041,"date":"2025-12-31T10:12:47","date_gmt":"2025-12-31T09:12:47","guid":{"rendered":"https:\/\/elektronikk.eu\/2410029\/"},"modified":"2026-04-01T21:04:16","modified_gmt":"2026-04-01T19:04:16","slug":"2410029","status":"publish","type":"product","link":"http:\/\/elektronikk.eu\/nb\/2410029\/","title":{"rendered":"11 stk sett for Ecovacs N9+"},"content":{"rendered":"<p>Rulleb\u00f8rsten kan effektivt plukke opp dyreh\u00e5r, skitt, st\u00f8v og rusk. Egnet for gulvtyper som tre, teppe eller fliser. Filtrene fanger opp fine st\u00f8vpartikler og reduserer allergener i hjemmet, de er ogs\u00e5 vaskbare (viktig \u00e5 la dem t\u00f8rke helt f\u00f8r bruk). Kraftig sideb\u00f8rste som varer lenger og rengj\u00f8r godt selv i dype hj\u00f8rner.<\/p>","protected":false},"excerpt":{"rendered":"<p>11-deler tilbeh\u00f8rssett for Ecovacs N9+ st\u00f8vsuger: 1x Hovedb\u00f8rste, 4x Sideb\u00f8rster, 3x Filtre, 3x Skumforfiltre.<\/p>","protected":false},"featured_media":94791042,"comment_status":"closed","ping_status":"open","template":"","meta":[],"product_brand":[35307],"product_cat":[35613,35616,35617,35618],"product_tag":[27428],"class_list":{"0":"post-94791041","1":"product","2":"type-product","3":"status-publish","4":"has-post-thumbnail","6":"product_brand-nordicquality","7":"product_cat-hvitevarer","8":"product_cat-stovsuger-og-gulvvedlikehold","9":"product_cat-stovsuger-tilbehor","10":"product_cat-stovsuger-tilbehor-robot","11":"product_tag-vacuum-cleaners-accessories-robotic","12":"pa_farge-blackwhite","14":"first","15":"onbackorder","16":"taxable","17":"shipping-taxable","18":"purchasable","19":"product-type-simple"},"jetpack_sharing_enabled":true,"_links":{"self":[{"href":"http:\/\/elektronikk.eu\/nb\/wp-json\/wp\/v2\/product\/94791041","targetHints":{"allow":["GET"]}}],"collection":[{"href":"http:\/\/elektronikk.eu\/nb\/wp-json\/wp\/v2\/product"}],"about":[{"href":"http:\/\/elektronikk.eu\/nb\/wp-json\/wp\/v2\/types\/product"}],"replies":[{"embeddable":true,"href":"http:\/\/elektronikk.eu\/nb\/wp-json\/wp\/v2\/comments?post=94791041"}],"wp:featuredmedia":[{"embeddable":true,"href":"http:\/\/elektronikk.eu\/nb\/wp-json\/wp\/v2\/media\/94791042"}],"wp:attachment":[{"href":"http:\/\/elektronikk.eu\/nb\/wp-json\/wp\/v2\/media?parent=94791041"}],"wp:term":[{"taxonomy":"product_brand","embeddable":true,"href":"http:\/\/elektronikk.eu\/nb\/wp-json\/wp\/v2\/product_brand?post=94791041"},{"taxonomy":"product_cat","embeddable":true,"href":"http:\/\/elektronikk.eu\/nb\/wp-json\/wp\/v2\/product_cat?post=94791041"},{"taxonomy":"product_tag","embeddable":true,"href":"http:\/\/elektronikk.eu\/nb\/wp-json\/wp\/v2\/product_tag?post=94791041"}],"curies":[{"name":"wp","href":"https:\/\/api.w.org\/{rel}","templated":true}]}}