{"id":94787744,"date":"2025-12-31T10:03:39","date_gmt":"2025-12-31T09:03:39","guid":{"rendered":"https:\/\/elektronikk.eu\/usbc-ar1\/"},"modified":"2026-04-01T21:10:30","modified_gmt":"2026-04-01T19:10:30","slug":"usbc-ar1","status":"publish","type":"product","link":"http:\/\/elektronikk.eu\/nb\/usbc-ar1\/","title":{"rendered":"USB-C adapterring, mDP, DP, VGA, HDMI, svart"},"content":{"rendered":"<p>USB-C ADAPTER RING, mDP, DP, VGA, HDMI<\/p>","protected":false},"excerpt":{"rendered":"<p>USB-C-adapterring, mDP, DP, VGA, HDMI, svart Med USBC-AR1 kan du gj\u00f8re en b\u00e6rbar PC, stasjon\u00e6r datamaskin eller annen enhet med en USB-C-inngang kompatibel med en rekke tilkoblingsalternativer (mini DisplayPort, DisplayPort, VGA, HDMI). Ideell for skoler, konferanserom og andre steder der forskjellige enheter m\u00e5 kobles til en skjerm eller projektor. Oppbevar i b\u00e6revesken din hvis du er p\u00e5 farten eller plasser en i konferanserommet for allsidig USB-C-tilkobling.<\/p>","protected":false},"featured_media":94789162,"comment_status":"closed","ping_status":"open","template":"","meta":[],"product_brand":[35291],"product_cat":[35545,35567,35566],"product_tag":[21185],"class_list":{"0":"post-94787744","1":"product","2":"type-product","3":"status-publish","4":"has-post-thumbnail","6":"product_brand-deltaco","7":"product_cat-kabler","8":"product_cat-usb-c","9":"product_cat-usb-cables","10":"product_tag-usb-c","11":"pa_farge-black","12":"pa_kabeltype-usb","14":"first","15":"onbackorder","16":"purchasable","17":"product-type-simple"},"jetpack_sharing_enabled":true,"_links":{"self":[{"href":"http:\/\/elektronikk.eu\/nb\/wp-json\/wp\/v2\/product\/94787744","targetHints":{"allow":["GET"]}}],"collection":[{"href":"http:\/\/elektronikk.eu\/nb\/wp-json\/wp\/v2\/product"}],"about":[{"href":"http:\/\/elektronikk.eu\/nb\/wp-json\/wp\/v2\/types\/product"}],"replies":[{"embeddable":true,"href":"http:\/\/elektronikk.eu\/nb\/wp-json\/wp\/v2\/comments?post=94787744"}],"wp:featuredmedia":[{"embeddable":true,"href":"http:\/\/elektronikk.eu\/nb\/wp-json\/wp\/v2\/media\/94789162"}],"wp:attachment":[{"href":"http:\/\/elektronikk.eu\/nb\/wp-json\/wp\/v2\/media?parent=94787744"}],"wp:term":[{"taxonomy":"product_brand","embeddable":true,"href":"http:\/\/elektronikk.eu\/nb\/wp-json\/wp\/v2\/product_brand?post=94787744"},{"taxonomy":"product_cat","embeddable":true,"href":"http:\/\/elektronikk.eu\/nb\/wp-json\/wp\/v2\/product_cat?post=94787744"},{"taxonomy":"product_tag","embeddable":true,"href":"http:\/\/elektronikk.eu\/nb\/wp-json\/wp\/v2\/product_tag?post=94787744"}],"curies":[{"name":"wp","href":"https:\/\/api.w.org\/{rel}","templated":true}]}}