{"id":94787566,"date":"2018-03-22T15:57:21","date_gmt":"2018-03-22T14:57:21","guid":{"rendered":"https:\/\/elektronikk.eu\/r00140014\/"},"modified":"2026-04-01T21:09:32","modified_gmt":"2026-04-01T19:09:32","slug":"r00140014","status":"publish","type":"product","link":"http:\/\/elektronikk.eu\/nb\/r00140014\/","title":{"rendered":"USB-C til Mini DisplayPort-kabel, 4K UHD ved 60 Hz, 1 m, svart"},"content":{"rendered":"<p>USB-C \u2013 miniDisplayPort kabel 4K UHD gullbelagt 1m svart<\/p>","protected":false},"excerpt":{"rendered":"<p>Denne USB-C til mini DisplayPort-kabelen st\u00f8tter 4K (3840 \u00d7 2160 ved 60 Hz) eller Full HD (1920 \u00d7 1080 ved 240 Hz) oppl\u00f8sninger, og er egnet for \u00e5 koble datamaskiner, nettbrett og andre USB-C-aktiverte enheter til en dataskjerm eller TV med en mini DisplayPort-inngang.<\/p>","protected":false},"featured_media":94788961,"comment_status":"closed","ping_status":"open","template":"","meta":[],"product_brand":[35291],"product_cat":[35766,35765],"product_tag":[],"class_list":{"0":"post-94787566","1":"product","2":"type-product","3":"status-publish","4":"has-post-thumbnail","6":"product_brand-deltaco","7":"product_cat-displayport-video-adapters","8":"product_cat-video-adapters","9":"pa_displayport-versjon-dp_1_2","10":"pa_kabellengde-33855","11":"pa_kabeltype-usb","13":"first","14":"onbackorder","15":"purchasable","16":"product-type-simple"},"jetpack_sharing_enabled":true,"_links":{"self":[{"href":"http:\/\/elektronikk.eu\/nb\/wp-json\/wp\/v2\/product\/94787566","targetHints":{"allow":["GET"]}}],"collection":[{"href":"http:\/\/elektronikk.eu\/nb\/wp-json\/wp\/v2\/product"}],"about":[{"href":"http:\/\/elektronikk.eu\/nb\/wp-json\/wp\/v2\/types\/product"}],"replies":[{"embeddable":true,"href":"http:\/\/elektronikk.eu\/nb\/wp-json\/wp\/v2\/comments?post=94787566"}],"wp:featuredmedia":[{"embeddable":true,"href":"http:\/\/elektronikk.eu\/nb\/wp-json\/wp\/v2\/media\/94788961"}],"wp:attachment":[{"href":"http:\/\/elektronikk.eu\/nb\/wp-json\/wp\/v2\/media?parent=94787566"}],"wp:term":[{"taxonomy":"product_brand","embeddable":true,"href":"http:\/\/elektronikk.eu\/nb\/wp-json\/wp\/v2\/product_brand?post=94787566"},{"taxonomy":"product_cat","embeddable":true,"href":"http:\/\/elektronikk.eu\/nb\/wp-json\/wp\/v2\/product_cat?post=94787566"},{"taxonomy":"product_tag","embeddable":true,"href":"http:\/\/elektronikk.eu\/nb\/wp-json\/wp\/v2\/product_tag?post=94787566"}],"curies":[{"name":"wp","href":"https:\/\/api.w.org\/{rel}","templated":true}]}}