{"id":94787491,"date":"2023-03-05T17:20:20","date_gmt":"2023-03-05T16:20:20","guid":{"rendered":"https:\/\/elektronikk.eu\/r00100002\/"},"modified":"2026-04-01T21:09:12","modified_gmt":"2026-04-01T19:09:12","slug":"r00100002","status":"publish","type":"product","link":"http:\/\/elektronikk.eu\/nb\/r00100002\/","title":{"rendered":"Flat h\u00f8yhastighets HDMI-kabel med Ethernet, 1 m, svart"},"content":{"rendered":"<p>Flat h\u00f8yhastighets HDMI-kabel med Ethernet, 1m, svart<\/p>","protected":false},"excerpt":{"rendered":"<p>Denne flate h\u00f8yhastighets HDMI 1.4-kabelen har en overf\u00f8ringshastighet p\u00e5 10,2 Gbps, og st\u00f8tter 4K-bilder ved 30 Hz, og er ideell for 4K-str\u00f8mming, spillkonsoller og hjemmekinosystemer. Det flate designet gir deg mer fleksibilitet, slik at den er mindre synlig.<\/p>","protected":false},"featured_media":94788807,"comment_status":"closed","ping_status":"open","template":"","meta":[],"product_brand":[35291],"product_cat":[35545],"product_tag":[33297],"class_list":{"0":"post-94787491","1":"product","2":"type-product","3":"status-publish","4":"has-post-thumbnail","6":"product_brand-deltaco","7":"product_cat-kabler","8":"product_tag-hdmi-1-4","9":"pa_farge-black","10":"pa_hdmi-versjon-hdmi_2_0","11":"pa_kabelopplosning-3840x2160_60hz","13":"first","14":"onbackorder","15":"purchasable","16":"product-type-simple"},"jetpack_sharing_enabled":true,"_links":{"self":[{"href":"http:\/\/elektronikk.eu\/nb\/wp-json\/wp\/v2\/product\/94787491","targetHints":{"allow":["GET"]}}],"collection":[{"href":"http:\/\/elektronikk.eu\/nb\/wp-json\/wp\/v2\/product"}],"about":[{"href":"http:\/\/elektronikk.eu\/nb\/wp-json\/wp\/v2\/types\/product"}],"replies":[{"embeddable":true,"href":"http:\/\/elektronikk.eu\/nb\/wp-json\/wp\/v2\/comments?post=94787491"}],"wp:featuredmedia":[{"embeddable":true,"href":"http:\/\/elektronikk.eu\/nb\/wp-json\/wp\/v2\/media\/94788807"}],"wp:attachment":[{"href":"http:\/\/elektronikk.eu\/nb\/wp-json\/wp\/v2\/media?parent=94787491"}],"wp:term":[{"taxonomy":"product_brand","embeddable":true,"href":"http:\/\/elektronikk.eu\/nb\/wp-json\/wp\/v2\/product_brand?post=94787491"},{"taxonomy":"product_cat","embeddable":true,"href":"http:\/\/elektronikk.eu\/nb\/wp-json\/wp\/v2\/product_cat?post=94787491"},{"taxonomy":"product_tag","embeddable":true,"href":"http:\/\/elektronikk.eu\/nb\/wp-json\/wp\/v2\/product_tag?post=94787491"}],"curies":[{"name":"wp","href":"https:\/\/api.w.org\/{rel}","templated":true}]}}