{"id":94787443,"date":"2022-02-02T15:47:53","date_gmt":"2022-02-02T14:47:53","guid":{"rendered":"https:\/\/elektronikk.eu\/map-gd34u3\/"},"modified":"2025-10-09T17:38:38","modified_gmt":"2025-10-09T15:38:38","slug":"kart-gd34u3","status":"publish","type":"product","link":"http:\/\/elektronikk.eu\/nb\/map-gd34u3\/","title":{"rendered":"Eksternt kabinett for 3,5\u2033 SATA HDD opptil 8 TB, USB 5 Gbit\/s, aluminium, svart"},"content":{"rendered":"<p>Ekstern kabinett for 1x 3,5\u2033 SATA 6 Gb\/s HDD, USB 5 Gbit\/s<\/p>","protected":false},"excerpt":{"rendered":"<p>SATA-kabinettet i aluminium er designet for 3,5-tommers harddisker og st\u00f8tter SATA 6 Gbit\/s, USB 5 Gbit\/s, det er kompatibelt med eldre USB, og sikrer kompatibilitet og raske dataoverf\u00f8ringer. Kabinettet har av\/p\u00e5-knapp, USB Type B-kobling, plug &amp; play, som \u00f8ker brukervennligheten. Den h\u00e5ndterer harddisker p\u00e5 opptil 8 TB, derfor egner det seg til b\u00e6rbar lagring, trygg sikkerhetskopiering, og gjenbruk av gamle disker.<br \/>\nSt\u00f8tter USB 2.0\/E-SATA\/USB 3.0\/USB 3.1\/UASP Turbo.<\/p>","protected":false},"featured_media":94790374,"comment_status":"closed","ping_status":"open","template":"","meta":[],"product_brand":[35291],"product_cat":[],"product_tag":[],"class_list":{"0":"post-94787443","1":"product","2":"type-product","3":"status-publish","4":"has-post-thumbnail","6":"product_brand-deltaco","7":"pa_farge-black","8":"pa_hdd-plasser-34777","9":"pa_produkt-dybde-0-175000000000","11":"first","12":"onbackorder","13":"purchasable","14":"product-type-simple"},"jetpack_sharing_enabled":true,"_links":{"self":[{"href":"http:\/\/elektronikk.eu\/nb\/wp-json\/wp\/v2\/product\/94787443","targetHints":{"allow":["GET"]}}],"collection":[{"href":"http:\/\/elektronikk.eu\/nb\/wp-json\/wp\/v2\/product"}],"about":[{"href":"http:\/\/elektronikk.eu\/nb\/wp-json\/wp\/v2\/types\/product"}],"replies":[{"embeddable":true,"href":"http:\/\/elektronikk.eu\/nb\/wp-json\/wp\/v2\/comments?post=94787443"}],"wp:featuredmedia":[{"embeddable":true,"href":"http:\/\/elektronikk.eu\/nb\/wp-json\/wp\/v2\/media\/94790374"}],"wp:attachment":[{"href":"http:\/\/elektronikk.eu\/nb\/wp-json\/wp\/v2\/media?parent=94787443"}],"wp:term":[{"taxonomy":"product_brand","embeddable":true,"href":"http:\/\/elektronikk.eu\/nb\/wp-json\/wp\/v2\/product_brand?post=94787443"},{"taxonomy":"product_cat","embeddable":true,"href":"http:\/\/elektronikk.eu\/nb\/wp-json\/wp\/v2\/product_cat?post=94787443"},{"taxonomy":"product_tag","embeddable":true,"href":"http:\/\/elektronikk.eu\/nb\/wp-json\/wp\/v2\/product_tag?post=94787443"}],"curies":[{"name":"wp","href":"https:\/\/api.w.org\/{rel}","templated":true}]}}