{"id":94787215,"date":"2023-09-20T17:38:08","date_gmt":"2023-09-20T15:38:08","guid":{"rendered":"https:\/\/elektronikk.eu\/del-113a\/"},"modified":"2026-04-01T21:07:19","modified_gmt":"2026-04-01T19:07:19","slug":"del-113a","status":"publish","type":"product","link":"http:\/\/elektronikk.eu\/nb\/del-113a\/","title":{"rendered":"Apparat-\/forlengelseskabel, jordet, IEC 60320 C14 til IEC 60320 C13, 3m, svart"},"content":{"rendered":"<p>Str\u00f8mkabel for \u00e5 f.eks kunne forlenge en kabel mellom str\u00f8mforsyningen og stikkontakten. Eller for \u00e5 f.eks koble en skjerm til datamaskinens str\u00f8mforsyning istedenfor stikkontakten.<\/p>","protected":false},"excerpt":{"rendered":"<p>Jordet apparat-\/forlengelseskabel for tilkobling mellom apparat og str\u00f8mkilde\/kabel. Rett IEC 60320 C14 til rett IEC 60320 C13, maks 250V\/10A, 3m, svart.<\/p>","protected":false},"featured_media":94790253,"comment_status":"closed","ping_status":"open","template":"","meta":[],"product_brand":[35291],"product_cat":[35545,35572],"product_tag":[],"class_list":{"0":"post-94787215","1":"product","2":"type-product","3":"status-publish","4":"has-post-thumbnail","6":"product_brand-deltaco","7":"product_cat-kabler","8":"product_cat-strom-kabler","9":"pa_farge-black","10":"pa_kabellengde-33273","11":"pa_kabeltype-external_power","13":"first","14":"onbackorder","15":"purchasable","16":"product-type-simple"},"jetpack_sharing_enabled":true,"_links":{"self":[{"href":"http:\/\/elektronikk.eu\/nb\/wp-json\/wp\/v2\/product\/94787215","targetHints":{"allow":["GET"]}}],"collection":[{"href":"http:\/\/elektronikk.eu\/nb\/wp-json\/wp\/v2\/product"}],"about":[{"href":"http:\/\/elektronikk.eu\/nb\/wp-json\/wp\/v2\/types\/product"}],"replies":[{"embeddable":true,"href":"http:\/\/elektronikk.eu\/nb\/wp-json\/wp\/v2\/comments?post=94787215"}],"wp:featuredmedia":[{"embeddable":true,"href":"http:\/\/elektronikk.eu\/nb\/wp-json\/wp\/v2\/media\/94790253"}],"wp:attachment":[{"href":"http:\/\/elektronikk.eu\/nb\/wp-json\/wp\/v2\/media?parent=94787215"}],"wp:term":[{"taxonomy":"product_brand","embeddable":true,"href":"http:\/\/elektronikk.eu\/nb\/wp-json\/wp\/v2\/product_brand?post=94787215"},{"taxonomy":"product_cat","embeddable":true,"href":"http:\/\/elektronikk.eu\/nb\/wp-json\/wp\/v2\/product_cat?post=94787215"},{"taxonomy":"product_tag","embeddable":true,"href":"http:\/\/elektronikk.eu\/nb\/wp-json\/wp\/v2\/product_tag?post=94787215"}],"curies":[{"name":"wp","href":"https:\/\/api.w.org\/{rel}","templated":true}]}}