{"id":94787017,"date":"2024-07-28T16:39:05","date_gmt":"2024-07-28T14:39:05","guid":{"rendered":"https:\/\/elektronikk.eu\/4222355\/"},"modified":"2025-10-09T16:00:04","modified_gmt":"2025-10-09T14:00:04","slug":"4222355","status":"publish","type":"product","link":"http:\/\/elektronikk.eu\/nb\/4222355\/","title":{"rendered":"Hard b\u00e6reveske til Playstation Portal, svart"},"content":{"rendered":"<p>0.33 mm tynt herdet glass<\/p>","protected":false},"excerpt":{"rendered":"<p>GAM-167 b\u00e6reveske tilpasset din PlayStation Portal! Med m\u00e5lene 7,5 cm x 34,5 cm x 15 cm passer den perfekt til enheten din. Pakken inkluderer en praktisk b\u00e6reveske med et solid h\u00e5ndtak som gj\u00f8r det enkelt \u00e5 transportere og beskytte enheten n\u00e5r du er p\u00e5 farten. Oppbevar PlayStation Portal trygt og sikkert uansett hvor du er.<\/p>","protected":false},"featured_media":94789907,"comment_status":"closed","ping_status":"open","template":"","meta":[],"product_brand":[35342],"product_cat":[],"product_tag":[],"class_list":{"0":"post-94787017","1":"product","2":"type-product","3":"status-publish","4":"has-post-thumbnail","6":"product_brand-deltaco_gaming","7":"pa_farge-black","8":"pa_produkt-bredde-0-155000000000","9":"pa_produkt-hoyde-0-340000000000","11":"first","12":"onbackorder","13":"purchasable","14":"product-type-simple"},"jetpack_sharing_enabled":true,"_links":{"self":[{"href":"http:\/\/elektronikk.eu\/nb\/wp-json\/wp\/v2\/product\/94787017","targetHints":{"allow":["GET"]}}],"collection":[{"href":"http:\/\/elektronikk.eu\/nb\/wp-json\/wp\/v2\/product"}],"about":[{"href":"http:\/\/elektronikk.eu\/nb\/wp-json\/wp\/v2\/types\/product"}],"replies":[{"embeddable":true,"href":"http:\/\/elektronikk.eu\/nb\/wp-json\/wp\/v2\/comments?post=94787017"}],"wp:featuredmedia":[{"embeddable":true,"href":"http:\/\/elektronikk.eu\/nb\/wp-json\/wp\/v2\/media\/94789907"}],"wp:attachment":[{"href":"http:\/\/elektronikk.eu\/nb\/wp-json\/wp\/v2\/media?parent=94787017"}],"wp:term":[{"taxonomy":"product_brand","embeddable":true,"href":"http:\/\/elektronikk.eu\/nb\/wp-json\/wp\/v2\/product_brand?post=94787017"},{"taxonomy":"product_cat","embeddable":true,"href":"http:\/\/elektronikk.eu\/nb\/wp-json\/wp\/v2\/product_cat?post=94787017"},{"taxonomy":"product_tag","embeddable":true,"href":"http:\/\/elektronikk.eu\/nb\/wp-json\/wp\/v2\/product_tag?post=94787017"}],"curies":[{"name":"wp","href":"https:\/\/api.w.org\/{rel}","templated":true}]}}