{"id":94787005,"date":"2025-04-05T14:00:45","date_gmt":"2025-04-05T12:00:45","guid":{"rendered":"https:\/\/elektronikk.eu\/389278\/"},"modified":"2026-04-01T21:06:05","modified_gmt":"2026-04-01T19:06:05","slug":"389278","status":"publish","type":"product","link":"http:\/\/elektronikk.eu\/nb\/389278\/","title":{"rendered":"Samsung Galaxy A41, Full-Fit Glass, Svart"},"content":{"rendered":"<p>PANZER\u00ae Premium Full-Fit Glass er det nye, innovative og elegante skjermbeskytteren i ekte glass med glatte avrundede kanter som dekker og beskytter skjermen til telefonen fra kant til kant. Laget av silikatglass - det sterkeste glasset som finnes og 80 % sterkere og mer st\u00f8tbestandig enn vanlig PANZER\u00ae Premium Tempered Glass. Glasset er bare 0,33 mm tykt, noe som gj\u00f8r at skjermbeskytteren er n\u00e6rmest usynlig. F\u00f8les glattere enn skjermen til telefonen og er bestandig mot fettede fingeravtrykk. PANZER\u00ae Premium Full-Fit Glass er dekket med Anti-Shatter-film, som holder sk\u00e5r sammen dersom skjermbeskytteren skulle knuses. Veldig enkel \u00e5 sette p\u00e5 - lim eller v\u00e6sker trengs ikke.<\/p>","protected":false},"excerpt":{"rendered":"<p>PANZER\u00ae Premium Full-Fit Glass er det nye, innovative og elegante skjermbeskytteren i ekte glass med glatte avrundede kanter som dekker og beskytter skjermen til telefonen fra kant til kant. Laget av ekte silikatglass - det sterkeste glasset som finnes. PANZER\u00ae Premium Full-Fit Glass er 0,33 mm tynt og er dekket med Anti-Shatter-film, som holder sk\u00e5r sammen dersom skjermbeskytteren skulle knuse.<\/p>","protected":false},"featured_media":94788362,"comment_status":"closed","ping_status":"open","template":"","meta":[],"product_brand":[35320],"product_cat":[35536],"product_tag":[21645],"class_list":{"0":"post-94787005","1":"product","2":"type-product","3":"status-publish","4":"has-post-thumbnail","6":"product_brand-panzer","7":"product_cat-kommunikasjon","8":"product_tag-screen-protection","9":"pa_kompatibilitet-samsung_galaxy_a41","10":"pa_type-of-product-screen_protector","12":"first","13":"onbackorder","14":"purchasable","15":"product-type-simple"},"jetpack_sharing_enabled":true,"_links":{"self":[{"href":"http:\/\/elektronikk.eu\/nb\/wp-json\/wp\/v2\/product\/94787005","targetHints":{"allow":["GET"]}}],"collection":[{"href":"http:\/\/elektronikk.eu\/nb\/wp-json\/wp\/v2\/product"}],"about":[{"href":"http:\/\/elektronikk.eu\/nb\/wp-json\/wp\/v2\/types\/product"}],"replies":[{"embeddable":true,"href":"http:\/\/elektronikk.eu\/nb\/wp-json\/wp\/v2\/comments?post=94787005"}],"wp:featuredmedia":[{"embeddable":true,"href":"http:\/\/elektronikk.eu\/nb\/wp-json\/wp\/v2\/media\/94788362"}],"wp:attachment":[{"href":"http:\/\/elektronikk.eu\/nb\/wp-json\/wp\/v2\/media?parent=94787005"}],"wp:term":[{"taxonomy":"product_brand","embeddable":true,"href":"http:\/\/elektronikk.eu\/nb\/wp-json\/wp\/v2\/product_brand?post=94787005"},{"taxonomy":"product_cat","embeddable":true,"href":"http:\/\/elektronikk.eu\/nb\/wp-json\/wp\/v2\/product_cat?post=94787005"},{"taxonomy":"product_tag","embeddable":true,"href":"http:\/\/elektronikk.eu\/nb\/wp-json\/wp\/v2\/product_tag?post=94787005"}],"curies":[{"name":"wp","href":"https:\/\/api.w.org\/{rel}","templated":true}]}}