{"id":94786459,"date":"2017-04-27T02:19:06","date_gmt":"2017-04-27T00:19:06","guid":{"rendered":"https:\/\/elektronikk.eu\/1903403\/"},"modified":"2026-04-01T21:03:50","modified_gmt":"2026-04-01T19:03:50","slug":"1903403","status":"publish","type":"product","link":"http:\/\/elektronikk.eu\/nb\/1903403\/","title":{"rendered":"Veggfeste, tilt, 32-70\u2033, 45 kg, svart"},"content":{"rendered":"<p>Dimensjoner: 20x440x418 mm<br \/>\nSkjermst\u00f8rrelse: 32\u2033-70\u2033<br \/>\nPasser buet TV: Nei<br \/>\nMonteringshullm\u00f8nster: VESA og universell<br \/>\nVESA-kompatibel: 75\u00d775, 100\u00d7100, 100\u00d7150, 150\u00d7100, 100\u00d7200, 200\u00d7100, 150\u00d7150, 200\u00d7200, 200\u00d7300, 300\u00d7200, 200\u00d7400, 400\u00d7200, 300\u00d7300, 300\u00d7400, 400\u00d7300, 400\u00d7400<br \/>\nMaks. monteringshull: 400\u00d7400<br \/>\nVektkapasitet: 45 kg<br \/>\nStyrke testet:\t4 Ganger Godkjent<br \/>\nProfil: 20 mm<br \/>\nNeigingsomr\u00e5de: 0\u20138\u00b0<br \/>\nInstallasjon:  Solid vegg, Dobbel stender (406mm)<br \/>\nPaneltype: Avtakbart panel<br \/>\nVeggplatetype: Fast veggplate<br \/>\nRetningslampe: Nei<br \/>\nKabelh\u00e5ndtering:\tNei<br \/>\nTyverisikring: Nei<br \/>\nVater:\tNei<\/p>","protected":false},"excerpt":{"rendered":"<p>Vipperbar TV-veggfeste for de fleste 32\u201d-70\u201d flatskjermer med en maksimal vekt p\u00e5 45 kg. Slank design sitter bare 20 mm fra veggen. Enkel konstruksjon sikrer rask og enkel installasjon. \u00c5pen arkitektur gir \u00f8kt ventilasjon og enklere tilgang til ledninger. Vippedesign for bedre synsvinkel. Automatisk fj\u00e6rl\u00e5s hjelper TV-brakettene med \u00e5 klikke p\u00e5 plass for ekstra sikkerhet.<\/p>","protected":false},"featured_media":94786460,"comment_status":"closed","ping_status":"open","template":"","meta":[],"product_brand":[35291],"product_cat":[35529,35530,35590],"product_tag":[],"class_list":{"0":"post-94786459","1":"product","2":"type-product","3":"status-publish","4":"has-post-thumbnail","6":"product_brand-deltaco","7":"product_cat-lyd-og-bilde","8":"product_cat-tilbehor","9":"product_cat-tv-monitor-mounts","10":"pa_farge-black","11":"pa_justerbar-tilt","12":"pa_monteringstype-wall","14":"first","15":"onbackorder","16":"purchasable","17":"product-type-simple"},"jetpack_sharing_enabled":true,"_links":{"self":[{"href":"http:\/\/elektronikk.eu\/nb\/wp-json\/wp\/v2\/product\/94786459","targetHints":{"allow":["GET"]}}],"collection":[{"href":"http:\/\/elektronikk.eu\/nb\/wp-json\/wp\/v2\/product"}],"about":[{"href":"http:\/\/elektronikk.eu\/nb\/wp-json\/wp\/v2\/types\/product"}],"replies":[{"embeddable":true,"href":"http:\/\/elektronikk.eu\/nb\/wp-json\/wp\/v2\/comments?post=94786459"}],"wp:featuredmedia":[{"embeddable":true,"href":"http:\/\/elektronikk.eu\/nb\/wp-json\/wp\/v2\/media\/94786460"}],"wp:attachment":[{"href":"http:\/\/elektronikk.eu\/nb\/wp-json\/wp\/v2\/media?parent=94786459"}],"wp:term":[{"taxonomy":"product_brand","embeddable":true,"href":"http:\/\/elektronikk.eu\/nb\/wp-json\/wp\/v2\/product_brand?post=94786459"},{"taxonomy":"product_cat","embeddable":true,"href":"http:\/\/elektronikk.eu\/nb\/wp-json\/wp\/v2\/product_cat?post=94786459"},{"taxonomy":"product_tag","embeddable":true,"href":"http:\/\/elektronikk.eu\/nb\/wp-json\/wp\/v2\/product_tag?post=94786459"}],"curies":[{"name":"wp","href":"https:\/\/api.w.org\/{rel}","templated":true}]}}