{"id":94783788,"date":"2025-12-31T10:03:39","date_gmt":"2025-12-31T09:03:39","guid":{"rendered":"https:\/\/elektronikk.eu\/usb2-lan3\/"},"modified":"2026-04-01T21:10:20","modified_gmt":"2026-04-01T19:10:20","slug":"usb2-lan3","status":"publish","type":"product","link":"http:\/\/elektronikk.eu\/nb\/usb2-lan3\/","title":{"rendered":"USB 2.0 nettverksadapter med USB-hub, 100 Mbps, 3xUSB, hvit"},"content":{"rendered":"<p>Det perfekte tilbeh\u00f8ret hvis du trenger \u00e5 utvide antall porter og gj\u00f8re det mulig \u00e5 koble en RJ45-nettverkskabel til datamaskinen din.<\/p>","protected":false},"excerpt":{"rendered":"<p>Det perfekte tilbeh\u00f8ret hvis du trenger \u00e5 utvide antall porter og gj\u00f8re det mulig \u00e5 koble en RJ45-nettverkskabel til datamaskinen din.<\/p>","protected":false},"featured_media":94778490,"comment_status":"closed","ping_status":"open","template":"","meta":[],"product_brand":[35291],"product_cat":[35525],"product_tag":[],"class_list":{"0":"post-94783788","1":"product","2":"type-product","3":"status-publish","4":"has-post-thumbnail","6":"product_brand-deltaco","7":"product_cat-nettverk-2","9":"first","10":"onbackorder","11":"purchasable","12":"product-type-simple"},"jetpack_sharing_enabled":true,"_links":{"self":[{"href":"http:\/\/elektronikk.eu\/nb\/wp-json\/wp\/v2\/product\/94783788","targetHints":{"allow":["GET"]}}],"collection":[{"href":"http:\/\/elektronikk.eu\/nb\/wp-json\/wp\/v2\/product"}],"about":[{"href":"http:\/\/elektronikk.eu\/nb\/wp-json\/wp\/v2\/types\/product"}],"replies":[{"embeddable":true,"href":"http:\/\/elektronikk.eu\/nb\/wp-json\/wp\/v2\/comments?post=94783788"}],"wp:featuredmedia":[{"embeddable":true,"href":"http:\/\/elektronikk.eu\/nb\/wp-json\/wp\/v2\/media\/94778490"}],"wp:attachment":[{"href":"http:\/\/elektronikk.eu\/nb\/wp-json\/wp\/v2\/media?parent=94783788"}],"wp:term":[{"taxonomy":"product_brand","embeddable":true,"href":"http:\/\/elektronikk.eu\/nb\/wp-json\/wp\/v2\/product_brand?post=94783788"},{"taxonomy":"product_cat","embeddable":true,"href":"http:\/\/elektronikk.eu\/nb\/wp-json\/wp\/v2\/product_cat?post=94783788"},{"taxonomy":"product_tag","embeddable":true,"href":"http:\/\/elektronikk.eu\/nb\/wp-json\/wp\/v2\/product_tag?post=94783788"}],"curies":[{"name":"wp","href":"https:\/\/api.w.org\/{rel}","templated":true}]}}