{"id":94783158,"date":"2024-09-24T23:40:41","date_gmt":"2024-09-24T21:40:41","guid":{"rendered":"https:\/\/elektronikk.eu\/hu-30a\/"},"modified":"2026-04-01T21:08:34","modified_gmt":"2026-04-01T19:08:34","slug":"hu-30a","status":"publish","type":"product","link":"http:\/\/elektronikk.eu\/nb\/hu-30a\/","title":{"rendered":"Ultra High Speed HDMI-kabel, 3 m, eARC, QMS, 8K ved 60 Hz, 4K ved 120 Hz, hvit"},"content":{"rendered":"<p>Denne sertifiseringen er for kabler som st\u00f8tter de h\u00f8yeste videol\u00f8sningene, inkludert 8K\/60 Hz og en b\u00e5ndbredde p\u00e5 48 Gbps. Dynamisk HDR, eARC (forbedret), og alle andre forbedrede spillfunksjoner. Ultra-High-Speed HDMI-kabler overg\u00e5r kravene til de nyeste internasjonale EMI-standardene for \u00e5 betydelig redusere sannsynligheten for interferens med tr\u00e5dl\u00f8se nettverk, str\u00f8mmende mediespillere, Bluetooth-enheter og mobiltelefoner. Disse kablene krever en propriet\u00e6r anti-forfalskningsetikett p\u00e5 hvert produkt.<br \/>\neARC (The enhanced Audio Return Channel) str\u00f8mlinjeformer tilkobling, forbedrer brukervennligheten og forenkler bruken av banebrytende lydformater, samtidig som det leverer uovertruffen lydkvalitet.<br \/>\nForbedrede spillfunksjoner gir et ekstra niv\u00e5 av jevn og s\u00f8ml\u00f8s bevegelse og overganger for spill, filmer og video. Dette inkluderer:<br \/>\n\u2022 Variabel oppdateringsfrekvens (VRR) reduserer eller eliminerer hakking, rykk og bildeflimring for mer flytende og bedre detaljert spilling.<br \/>\n\u2022 Auto Low Latency Mode (ALLM) lar den ideelle latensinnstillingen bli satt automatisk, noe som muliggj\u00f8r jevn, forsinkelsesfri og uavbrutt visning og interaktivitet.<br \/>\n\u2022 Quick Frame Transport (QFT) reduserer forsinkelse for jevnere spill uten hakking og sanntids interaktiv virtuell virkelighet.<br \/>\n\u00d8nsker du \u00e5 verifisere kabelens autentisitet? Bare skann QR-koden p\u00e5 pakken for enkelt \u00e5 verifisere autentisiteten og sikre at du f\u00e5r en HDMI-kabel av topp kvalitet.<\/p>","protected":false},"excerpt":{"rendered":"<p>ULTRA-sertifisert kabel. St\u00f8tter ukomprimert videokvalitet opp til 8K ved 60 Hz og 4K ved 120 Hz.<\/p>","protected":false},"featured_media":94778186,"comment_status":"closed","ping_status":"open","template":"","meta":[],"product_brand":[35291],"product_cat":[35545],"product_tag":[33320],"class_list":{"0":"post-94783158","1":"product","2":"type-product","3":"status-publish","4":"has-post-thumbnail","6":"product_brand-deltaco","7":"product_cat-kabler","8":"product_tag-hdmi-2-1","10":"first","11":"onbackorder","12":"purchasable","13":"product-type-simple"},"jetpack_sharing_enabled":true,"_links":{"self":[{"href":"http:\/\/elektronikk.eu\/nb\/wp-json\/wp\/v2\/product\/94783158","targetHints":{"allow":["GET"]}}],"collection":[{"href":"http:\/\/elektronikk.eu\/nb\/wp-json\/wp\/v2\/product"}],"about":[{"href":"http:\/\/elektronikk.eu\/nb\/wp-json\/wp\/v2\/types\/product"}],"replies":[{"embeddable":true,"href":"http:\/\/elektronikk.eu\/nb\/wp-json\/wp\/v2\/comments?post=94783158"}],"wp:featuredmedia":[{"embeddable":true,"href":"http:\/\/elektronikk.eu\/nb\/wp-json\/wp\/v2\/media\/94778186"}],"wp:attachment":[{"href":"http:\/\/elektronikk.eu\/nb\/wp-json\/wp\/v2\/media?parent=94783158"}],"wp:term":[{"taxonomy":"product_brand","embeddable":true,"href":"http:\/\/elektronikk.eu\/nb\/wp-json\/wp\/v2\/product_brand?post=94783158"},{"taxonomy":"product_cat","embeddable":true,"href":"http:\/\/elektronikk.eu\/nb\/wp-json\/wp\/v2\/product_cat?post=94783158"},{"taxonomy":"product_tag","embeddable":true,"href":"http:\/\/elektronikk.eu\/nb\/wp-json\/wp\/v2\/product_tag?post=94783158"}],"curies":[{"name":"wp","href":"https:\/\/api.w.org\/{rel}","templated":true}]}}