{"id":94782509,"date":"2019-08-08T10:43:18","date_gmt":"2019-08-08T08:43:18","guid":{"rendered":"https:\/\/elektronikk.eu\/ck1027\/"},"modified":"2026-04-01T21:06:55","modified_gmt":"2026-04-01T19:06:55","slug":"ck1027","status":"publish","type":"product","link":"http:\/\/elektronikk.eu\/nb\/ck1027\/","title":{"rendered":"\u00d8kologiske universelle rengj\u00f8ringsservietter, 200x175 mm, 1 pk \u2013 60 servietter, appelsinduft, hvit"},"content":{"rendered":"<p>\u00d8kologiske universal kluter 20x17cm 1 pk 60 servietter<\/p>","protected":false},"excerpt":{"rendered":"<p>Organisk nedbrytbare universalrengj\u00f8ringsservietter med appelsinlukt som kan brukes p\u00e5 diverse plast- og ikke-metalliske overflater som finnes i et . Skill deg ut fra mengden ved \u00e5 kunne tilby rengj\u00f8ringskluter som ikke inneholder SLES, parabener, fosfater eller petroleumsderivater. Oppbevares utilgjengelig for barn.<\/p>","protected":false},"featured_media":94777791,"comment_status":"closed","ping_status":"open","template":"","meta":[],"product_brand":[35291],"product_cat":[35679,35533],"product_tag":[],"class_list":{"0":"post-94782509","1":"product","2":"type-product","3":"status-publish","4":"has-post-thumbnail","6":"product_brand-deltaco","7":"product_cat-cleaning-accessories","8":"product_cat-tilbehor-components-accessories","10":"first","11":"onbackorder","12":"purchasable","13":"product-type-simple"},"jetpack_sharing_enabled":true,"_links":{"self":[{"href":"http:\/\/elektronikk.eu\/nb\/wp-json\/wp\/v2\/product\/94782509","targetHints":{"allow":["GET"]}}],"collection":[{"href":"http:\/\/elektronikk.eu\/nb\/wp-json\/wp\/v2\/product"}],"about":[{"href":"http:\/\/elektronikk.eu\/nb\/wp-json\/wp\/v2\/types\/product"}],"replies":[{"embeddable":true,"href":"http:\/\/elektronikk.eu\/nb\/wp-json\/wp\/v2\/comments?post=94782509"}],"wp:featuredmedia":[{"embeddable":true,"href":"http:\/\/elektronikk.eu\/nb\/wp-json\/wp\/v2\/media\/94777791"}],"wp:attachment":[{"href":"http:\/\/elektronikk.eu\/nb\/wp-json\/wp\/v2\/media?parent=94782509"}],"wp:term":[{"taxonomy":"product_brand","embeddable":true,"href":"http:\/\/elektronikk.eu\/nb\/wp-json\/wp\/v2\/product_brand?post=94782509"},{"taxonomy":"product_cat","embeddable":true,"href":"http:\/\/elektronikk.eu\/nb\/wp-json\/wp\/v2\/product_cat?post=94782509"},{"taxonomy":"product_tag","embeddable":true,"href":"http:\/\/elektronikk.eu\/nb\/wp-json\/wp\/v2\/product_tag?post=94782509"}],"curies":[{"name":"wp","href":"https:\/\/api.w.org\/{rel}","templated":true}]}}