{"id":94782091,"date":"2024-04-23T23:47:44","date_gmt":"2024-04-23T21:47:44","guid":{"rendered":"https:\/\/elektronikk.eu\/389266\/"},"modified":"2026-04-01T21:06:05","modified_gmt":"2026-04-01T19:06:05","slug":"389266","status":"publish","type":"product","link":"http:\/\/elektronikk.eu\/nb\/389266\/","title":{"rendered":"Samsung Galaxy Xcover Pro, herdet glass"},"content":{"rendered":"<p>PANZER\u00ae Premium Tempered Glass er den originale og popul\u00e6re skjermbeskytteren fra PANZER\u00ae som er laget av 0,33 mm tynt herdet glass, noe som sikrer optimal beskyttelse av skjermen. Den belagte overflaten er bestandig mot fettede fingeravtrykk og gj\u00f8r skjermen enkel \u00e5 rengj\u00f8re. PANZER\u00ae Premium Tempered Glass er dekket med Anti-Shatter-film, som holder sk\u00e5r p\u00e5 plass dersom skjermbeskytteren skulle knuses. Det innovative PANZER\u00ae Premium Tempered Glass er hele 9 ganger sterkere enn vanlig glass (9H) og 150 % mer motstandsdyktig mot riper enn st\u00e5l. Veldig enkel \u00e5 sette p\u00e5 \u2013 lim eller v\u00e6sker trengs ikke.<\/p>","protected":false},"excerpt":{"rendered":"<p>PANZER\u00ae Premium herdet glass er den originale og popul\u00e6re skjermbeskytteren fra PANZER\u00ae som er laget av 0,33 mm tynt herdet glass, noe som gir optimal beskyttelse av skjermen. Laget av ekte glass som er 9 ganger sterkere (9H) enn vanlig glass. Produktet har Anti-Shatter-film, som holder sk\u00e5r p\u00e5 plass dersom skjermbeskytteren skulle knuses.<\/p>","protected":false},"featured_media":94777513,"comment_status":"closed","ping_status":"open","template":"","meta":[],"product_brand":[35320],"product_cat":[35536],"product_tag":[],"class_list":{"0":"post-94782091","1":"product","2":"type-product","3":"status-publish","4":"has-post-thumbnail","6":"product_brand-panzer","7":"product_cat-kommunikasjon","9":"first","10":"onbackorder","11":"purchasable","12":"product-type-simple"},"jetpack_sharing_enabled":true,"_links":{"self":[{"href":"http:\/\/elektronikk.eu\/nb\/wp-json\/wp\/v2\/product\/94782091","targetHints":{"allow":["GET"]}}],"collection":[{"href":"http:\/\/elektronikk.eu\/nb\/wp-json\/wp\/v2\/product"}],"about":[{"href":"http:\/\/elektronikk.eu\/nb\/wp-json\/wp\/v2\/types\/product"}],"replies":[{"embeddable":true,"href":"http:\/\/elektronikk.eu\/nb\/wp-json\/wp\/v2\/comments?post=94782091"}],"wp:featuredmedia":[{"embeddable":true,"href":"http:\/\/elektronikk.eu\/nb\/wp-json\/wp\/v2\/media\/94777513"}],"wp:attachment":[{"href":"http:\/\/elektronikk.eu\/nb\/wp-json\/wp\/v2\/media?parent=94782091"}],"wp:term":[{"taxonomy":"product_brand","embeddable":true,"href":"http:\/\/elektronikk.eu\/nb\/wp-json\/wp\/v2\/product_brand?post=94782091"},{"taxonomy":"product_cat","embeddable":true,"href":"http:\/\/elektronikk.eu\/nb\/wp-json\/wp\/v2\/product_cat?post=94782091"},{"taxonomy":"product_tag","embeddable":true,"href":"http:\/\/elektronikk.eu\/nb\/wp-json\/wp\/v2\/product_tag?post=94782091"}],"curies":[{"name":"wp","href":"https:\/\/api.w.org\/{rel}","templated":true}]}}