{"id":94781562,"date":"2025-12-31T10:15:51","date_gmt":"2025-12-31T09:15:51","guid":{"rendered":"https:\/\/elektronikk.eu\/3052186\/"},"modified":"2026-04-01T21:04:58","modified_gmt":"2026-04-01T19:04:58","slug":"3052186","status":"publish","type":"product","link":"http:\/\/elektronikk.eu\/nb\/3052186\/","title":{"rendered":"Samsung Galaxy A25 silicone back cover, black"},"content":{"rendered":"<p>Samsung Galaxy A25 5G bakdeksel i resirkulert silikon, svart<\/p>","protected":false},"excerpt":{"rendered":"<p>Silikondekselet gir b\u00e5de utmerket beskyttelse for baksiden og sidene av telefonen din. Dekselet har et enkelt, men moteriktig design kombinert med en glatt overflate og en matt finish for \u00e5 f\u00e5 enheten din til \u00e5 skille seg ut. Det er laget av silikon, noe som gj\u00f8r det lett og behagelig \u00e5 holde, og gir et godt grep, samt enkel tilgang til alle knapper og porter som ladeport, kameraer osv.<\/p>","protected":false},"featured_media":94779215,"comment_status":"closed","ping_status":"open","template":"","meta":[],"product_brand":[35294],"product_cat":[35536,35660],"product_tag":[33067],"class_list":{"0":"post-94781562","1":"product","2":"type-product","3":"status-publish","4":"has-post-thumbnail","6":"product_brand-essentials","7":"product_cat-kommunikasjon","8":"product_cat-telefon-deksel-kommunikasjon-mobil-telefon-2","9":"product_tag-back-cover","11":"first","12":"onbackorder","13":"purchasable","14":"product-type-simple"},"jetpack_sharing_enabled":true,"_links":{"self":[{"href":"http:\/\/elektronikk.eu\/nb\/wp-json\/wp\/v2\/product\/94781562","targetHints":{"allow":["GET"]}}],"collection":[{"href":"http:\/\/elektronikk.eu\/nb\/wp-json\/wp\/v2\/product"}],"about":[{"href":"http:\/\/elektronikk.eu\/nb\/wp-json\/wp\/v2\/types\/product"}],"replies":[{"embeddable":true,"href":"http:\/\/elektronikk.eu\/nb\/wp-json\/wp\/v2\/comments?post=94781562"}],"wp:featuredmedia":[{"embeddable":true,"href":"http:\/\/elektronikk.eu\/nb\/wp-json\/wp\/v2\/media\/94779215"}],"wp:attachment":[{"href":"http:\/\/elektronikk.eu\/nb\/wp-json\/wp\/v2\/media?parent=94781562"}],"wp:term":[{"taxonomy":"product_brand","embeddable":true,"href":"http:\/\/elektronikk.eu\/nb\/wp-json\/wp\/v2\/product_brand?post=94781562"},{"taxonomy":"product_cat","embeddable":true,"href":"http:\/\/elektronikk.eu\/nb\/wp-json\/wp\/v2\/product_cat?post=94781562"},{"taxonomy":"product_tag","embeddable":true,"href":"http:\/\/elektronikk.eu\/nb\/wp-json\/wp\/v2\/product_tag?post=94781562"}],"curies":[{"name":"wp","href":"https:\/\/api.w.org\/{rel}","templated":true}]}}