{"id":94781339,"date":"2025-12-31T10:12:47","date_gmt":"2025-12-31T09:12:47","guid":{"rendered":"https:\/\/elektronikk.eu\/2570056\/"},"modified":"2026-04-01T21:04:31","modified_gmt":"2026-04-01T19:04:31","slug":"2570056","status":"publish","type":"product","link":"http:\/\/elektronikk.eu\/nb\/2570056\/","title":{"rendered":"Galaxy A52\/A52s\/A53s 5G heldekkende glass svart"},"content":{"rendered":"<p>PANZER\u00ae Premium Full-Fit Glass er den nye, innovative og stilige skjermbeskytteren i ekte glass med glatte, avrundede kanter, som dekker og beskytter telefonens skjerm fra kant til kant. Laget av silikatglass - det sterkeste glasset som finnes, og 80 % sterkere og mer slagfast enn vanlig PANZER\u00ae Premium Tempered Glass. Glasset er 0,33 mm tynt, noe som gj\u00f8r skjermbeskytteren s\u00e5 godt som usynlig. F\u00f8les glattere enn telefonens skjerm og er motstandsdyktig mot fettete fingermerker. PANZER\u00ae Premium Full-Fit Glass er dekket med en anti-knusningsfilm som holder splintrene sammen hvis skjermbeskytteren skulle g\u00e5 i stykker. Veldig enkel \u00e5 montere - ikke behov for lim eller v\u00e6sker.<\/p>","protected":false},"excerpt":{"rendered":"<p>PANZER\u00ae Premium Full-Fit Glass er den nye, innovative og stilige skjermbeskytteren i ekte glass med myke, avrundede kanter, som dekker og beskytter telefonens skjerm fra kant til kant. Laget av silikatglass - det sterkeste glasset som finnes. PANZER\u00ae Premium Full-Fit Glass er 0,33 mm tynt og dekket med en anti-knusningsfilm som holder splintrene sammen hvis skjermbeskytteren skulle g\u00e5 i stykker.<\/p>","protected":false},"featured_media":94776911,"comment_status":"closed","ping_status":"open","template":"","meta":[],"product_brand":[35320],"product_cat":[35536],"product_tag":[],"class_list":{"0":"post-94781339","1":"product","2":"type-product","3":"status-publish","4":"has-post-thumbnail","6":"product_brand-panzer","7":"product_cat-kommunikasjon","9":"first","10":"onbackorder","11":"purchasable","12":"product-type-simple"},"jetpack_sharing_enabled":true,"_links":{"self":[{"href":"http:\/\/elektronikk.eu\/nb\/wp-json\/wp\/v2\/product\/94781339","targetHints":{"allow":["GET"]}}],"collection":[{"href":"http:\/\/elektronikk.eu\/nb\/wp-json\/wp\/v2\/product"}],"about":[{"href":"http:\/\/elektronikk.eu\/nb\/wp-json\/wp\/v2\/types\/product"}],"replies":[{"embeddable":true,"href":"http:\/\/elektronikk.eu\/nb\/wp-json\/wp\/v2\/comments?post=94781339"}],"wp:featuredmedia":[{"embeddable":true,"href":"http:\/\/elektronikk.eu\/nb\/wp-json\/wp\/v2\/media\/94776911"}],"wp:attachment":[{"href":"http:\/\/elektronikk.eu\/nb\/wp-json\/wp\/v2\/media?parent=94781339"}],"wp:term":[{"taxonomy":"product_brand","embeddable":true,"href":"http:\/\/elektronikk.eu\/nb\/wp-json\/wp\/v2\/product_brand?post=94781339"},{"taxonomy":"product_cat","embeddable":true,"href":"http:\/\/elektronikk.eu\/nb\/wp-json\/wp\/v2\/product_cat?post=94781339"},{"taxonomy":"product_tag","embeddable":true,"href":"http:\/\/elektronikk.eu\/nb\/wp-json\/wp\/v2\/product_tag?post=94781339"}],"curies":[{"name":"wp","href":"https:\/\/api.w.org\/{rel}","templated":true}]}}