{"id":94781211,"date":"2025-12-31T10:12:47","date_gmt":"2025-12-31T09:12:47","guid":{"rendered":"https:\/\/elektronikk.eu\/2340048\/"},"modified":"2026-04-01T21:04:12","modified_gmt":"2026-04-01T19:04:12","slug":"2340048","status":"publish","type":"product","link":"http:\/\/elektronikk.eu\/nb\/2340048\/","title":{"rendered":"Rengj\u00f8ringskluter, 5-pakning"},"content":{"rendered":"<p>5 mikrofiberkluter til ulike bruksomr\u00e5der: Vinduer \u2013 Kj\u00f8kken \u2013 M\u00f8bler \u2013 Bad \u2013 Generell rengj\u00f8ring. Mikrofiberen rengj\u00f8r og polerer overflaten uten \u00e5 etterlate striper eller lo, den rengj\u00f8r dypt og fjerner effektivt fett, innt\u00f8rket smuss og st\u00f8v. Bruk kluten t\u00f8rr som st\u00f8vklut og lett fuktet som poleringsklut. Kan vaskes p\u00e5 40 grader. St\u00f8rrelse 30x30cm. Materiale 80% polyester, 20% polyamid.<\/p>","protected":false},"excerpt":{"rendered":"<p>Vaskekluter, 5-pakning. Kj\u00f8kken, Bad, M\u00f8bler, Vinduer og Universal. 30x30 cm<\/p>","protected":false},"featured_media":94781212,"comment_status":"closed","ping_status":"open","template":"","meta":[],"product_brand":[35307],"product_cat":[35605],"product_tag":[],"class_list":{"0":"post-94781211","1":"product","2":"type-product","3":"status-publish","4":"has-post-thumbnail","6":"product_brand-nordicquality","7":"product_cat-rengjoring-og-vedlikehold","9":"first","10":"onbackorder","11":"purchasable","12":"product-type-simple"},"jetpack_sharing_enabled":true,"_links":{"self":[{"href":"http:\/\/elektronikk.eu\/nb\/wp-json\/wp\/v2\/product\/94781211","targetHints":{"allow":["GET"]}}],"collection":[{"href":"http:\/\/elektronikk.eu\/nb\/wp-json\/wp\/v2\/product"}],"about":[{"href":"http:\/\/elektronikk.eu\/nb\/wp-json\/wp\/v2\/types\/product"}],"replies":[{"embeddable":true,"href":"http:\/\/elektronikk.eu\/nb\/wp-json\/wp\/v2\/comments?post=94781211"}],"wp:featuredmedia":[{"embeddable":true,"href":"http:\/\/elektronikk.eu\/nb\/wp-json\/wp\/v2\/media\/94781212"}],"wp:attachment":[{"href":"http:\/\/elektronikk.eu\/nb\/wp-json\/wp\/v2\/media?parent=94781211"}],"wp:term":[{"taxonomy":"product_brand","embeddable":true,"href":"http:\/\/elektronikk.eu\/nb\/wp-json\/wp\/v2\/product_brand?post=94781211"},{"taxonomy":"product_cat","embeddable":true,"href":"http:\/\/elektronikk.eu\/nb\/wp-json\/wp\/v2\/product_cat?post=94781211"},{"taxonomy":"product_tag","embeddable":true,"href":"http:\/\/elektronikk.eu\/nb\/wp-json\/wp\/v2\/product_tag?post=94781211"}],"curies":[{"name":"wp","href":"https:\/\/api.w.org\/{rel}","templated":true}]}}