{"id":94770850,"date":"2024-10-01T18:22:00","date_gmt":"2024-10-01T16:22:00","guid":{"rendered":"https:\/\/elektronikk.eu\/?post_type=product&#038;p=94770850"},"modified":"2026-04-22T03:02:21","modified_gmt":"2026-04-22T01:02:21","slug":"elivi-usb-c-til-c-kabel-07-meter-svart-space-grey-10gbps-100w","status":"publish","type":"product","link":"http:\/\/elektronikk.eu\/nb\/elivi-usb-c-til-c-skjot-07-meter-m-f-svart-space-grey-10gbps-100w\/","title":{"rendered":"Elivi USB C til C skj\u00f8teledning 0,7 meter H\/H, Svart\/Space Grey, 10 Gbps\/100W"},"content":{"rendered":"<div id=\"overview-area-772dac\">\n<div class=\"ccs-ds-textMkt\">\n<p>Har du en dokkingstasjon eller lignende med en fast USB-C-kabel som er litt for kort?<\/p>\n<p>En forlengerkabel fra Elivi p\u00e5 70 cm l\u00f8ser dette problemet enkelt. USB C hannkontakten har gripeh\u00e5ndtak i gummi, slik at kontakten er enkel \u00e5 plugge inn og ut. Kabelen er USB 3.2 Gen2 opp til 20V\/5A (100W). Dataoverf\u00f8ringshastighet opptil 10 Gbps. Bakoverkompatibel med andre USB-C versjoner og Thunderbolt 3\/4 med begrensning oppad til 10 Gbps hastighet.<\/p>\n<\/div>\n<div class=\"ccs-ds-textKsp\">\n<ul>\n<li>USB 3.2 Gen2<\/li>\n<li>Dataoverf\u00f8ringshastighet opptil 10 Gbps<\/li>\n<li>Gripeh\u00e5ndtak i gummi, for enkel til- og frakobling<\/li>\n<li>Bakoverkompatibel med andre USB-C og Thunderbolt 3\/4<\/li>\n<\/ul>\n<\/div>\n<\/div>\n<h3 id=\"specs-header-772dac\">Spesifikasjoner<\/h3>\n<div id=\"specs-area-772dac\">\n<div class=\"ccs-ds-details-specs-main\">\n<div class=\"ccs-ds-mainSpec-area\">\n<table>\n<tbody>\n<tr>\n<td class=\"ccs-ds-mainSpec-item\">Produktbeskrivelse<\/td>\n<td class=\"ccs-ds-mainSpec-value\">Elivi \u2013 USB type C-forlengelseskabel \u2013 24-pins USB-C til 24-pins USB-C \u2013 70 cm<\/td>\n<\/tr>\n<tr>\n<td class=\"ccs-ds-mainSpec-item\">Type<\/td>\n<td class=\"ccs-ds-mainSpec-value\">USB type C-forlengelseskabel<\/td>\n<\/tr>\n<tr>\n<td class=\"ccs-ds-mainSpec-item\">Egenskaper<\/td>\n<td class=\"ccs-ds-mainSpec-value\">USB Power Delivery (5 A, 100 W), synkronisering og lading, gripevennlig, 10 Gbps datahastighet, stellargr\u00e5tt hus<\/td>\n<\/tr>\n<tr>\n<td class=\"ccs-ds-mainSpec-item\">Lengde<\/td>\n<td class=\"ccs-ds-mainSpec-value\">70 cm<\/td>\n<\/tr>\n<tr>\n<td class=\"ccs-ds-mainSpec-item\">Kontakt<\/td>\n<td class=\"ccs-ds-mainSpec-value\">24-pin USB-C - hann<\/td>\n<\/tr>\n<tr>\n<td class=\"ccs-ds-mainSpec-item\">Kontakt (den andre enden)<\/td>\n<td class=\"ccs-ds-mainSpec-value\">24 pin USB-C \u2013 hunn<\/td>\n<\/tr>\n<tr>\n<td class=\"ccs-ds-mainSpec-item\">Nominell spenning<\/td>\n<td class=\"ccs-ds-mainSpec-value\">20 V<\/td>\n<\/tr>\n<tr>\n<td class=\"ccs-ds-mainSpec-item\">Nominell str\u00f8m<\/td>\n<td class=\"ccs-ds-mainSpec-value\">5 A<\/td>\n<\/tr>\n<tr>\n<td class=\"ccs-ds-mainSpec-item\">Tilpassede standarder<\/td>\n<td class=\"ccs-ds-mainSpec-value\">USB 3.2 Gen 2<\/td>\n<\/tr>\n<tr>\n<td class=\"ccs-ds-mainSpec-item\">Farge<\/td>\n<td class=\"ccs-ds-mainSpec-value\">Svart<\/td>\n<\/tr>\n<\/tbody>\n<\/table>\n<\/div>\n<\/div>\n<\/div>","protected":false},"excerpt":{"rendered":"<p>Har du en docking stasjon eller lignende med fast USB C kabel som er litt for kort? En forlenger kabel fra Elivi p\u00e5 70 cm l\u00f8ser dette problemet enkelt. USB C male kontakten har gripeh\u00e5ndtak i gummi, slik at kontakten er enkel \u00e5 plugge inn og ut. Kabelen er USB 3.2 Gen2 opp til 20V\/5A [&#8230;]\n","protected":false},"featured_media":94770851,"comment_status":"open","ping_status":"closed","template":"","meta":[],"product_brand":[],"product_cat":[35545],"product_tag":[],"class_list":{"0":"post-94770850","1":"product","2":"type-product","3":"status-publish","4":"has-post-thumbnail","6":"product_cat-kabler","8":"first","9":"instock","10":"taxable","11":"shipping-taxable","12":"purchasable","13":"product-type-simple"},"jetpack_sharing_enabled":true,"_links":{"self":[{"href":"http:\/\/elektronikk.eu\/nb\/wp-json\/wp\/v2\/product\/94770850","targetHints":{"allow":["GET"]}}],"collection":[{"href":"http:\/\/elektronikk.eu\/nb\/wp-json\/wp\/v2\/product"}],"about":[{"href":"http:\/\/elektronikk.eu\/nb\/wp-json\/wp\/v2\/types\/product"}],"replies":[{"embeddable":true,"href":"http:\/\/elektronikk.eu\/nb\/wp-json\/wp\/v2\/comments?post=94770850"}],"wp:featuredmedia":[{"embeddable":true,"href":"http:\/\/elektronikk.eu\/nb\/wp-json\/wp\/v2\/media\/94770851"}],"wp:attachment":[{"href":"http:\/\/elektronikk.eu\/nb\/wp-json\/wp\/v2\/media?parent=94770850"}],"wp:term":[{"taxonomy":"product_brand","embeddable":true,"href":"http:\/\/elektronikk.eu\/nb\/wp-json\/wp\/v2\/product_brand?post=94770850"},{"taxonomy":"product_cat","embeddable":true,"href":"http:\/\/elektronikk.eu\/nb\/wp-json\/wp\/v2\/product_cat?post=94770850"},{"taxonomy":"product_tag","embeddable":true,"href":"http:\/\/elektronikk.eu\/nb\/wp-json\/wp\/v2\/product_tag?post=94770850"}],"curies":[{"name":"wp","href":"https:\/\/api.w.org\/{rel}","templated":true}]}}