{"id":94790874,"date":"2025-12-31T10:11:21","date_gmt":"2025-12-31T09:11:21","guid":{"rendered":"https:\/\/elektronikk.eu\/152808\/"},"modified":"2026-04-14T22:28:38","modified_gmt":"2026-04-14T20:28:38","slug":"152808","status":"publish","type":"product","link":"http:\/\/elektronikk.eu\/en\/152808\/","title":{"rendered":"Halopin Stekeovnlampe 40W\/827 230V G9 sokkel"},"content":{"rendered":"<p>Ovnp\u00e6re med optimalt halogeninnhold for h\u00f8ye temperaturer.Inneholder ikke kvikks\u00f8lv.Gjennomsnittlig levetid: 2000 timer.<\/p>\n","protected":false},"excerpt":{"rendered":"<p>Optimalt halogeninnhold for h\u00f8ye temperaturer. Inneholder ikke kvikks\u00f8lv. Gjennomsnittlig levetid: 2 000 t. Bruksomr\u00e5der: Bakerovner.<\/p>\n","protected":false},"featured_media":94790875,"comment_status":"closed","ping_status":"open","template":"","meta":[],"product_brand":[35437],"product_cat":[35552],"product_tag":[],"class_list":{"0":"post-94790874","1":"product","2":"type-product","3":"status-publish","4":"has-post-thumbnail","6":"product_brand-osram","7":"product_cat-lighting","8":"pa_dimbar-33376","9":"pa_farge-white","10":"pa_lumen-35426","12":"first","13":"onbackorder","14":"taxable","15":"shipping-taxable","16":"purchasable","17":"product-type-simple"},"jetpack_sharing_enabled":true,"_links":{"self":[{"href":"http:\/\/elektronikk.eu\/en\/wp-json\/wp\/v2\/product\/94790874","targetHints":{"allow":["GET"]}}],"collection":[{"href":"http:\/\/elektronikk.eu\/en\/wp-json\/wp\/v2\/product"}],"about":[{"href":"http:\/\/elektronikk.eu\/en\/wp-json\/wp\/v2\/types\/product"}],"replies":[{"embeddable":true,"href":"http:\/\/elektronikk.eu\/en\/wp-json\/wp\/v2\/comments?post=94790874"}],"wp:featuredmedia":[{"embeddable":true,"href":"http:\/\/elektronikk.eu\/en\/wp-json\/wp\/v2\/media\/94790875"}],"wp:attachment":[{"href":"http:\/\/elektronikk.eu\/en\/wp-json\/wp\/v2\/media?parent=94790874"}],"wp:term":[{"taxonomy":"product_brand","embeddable":true,"href":"http:\/\/elektronikk.eu\/en\/wp-json\/wp\/v2\/product_brand?post=94790874"},{"taxonomy":"product_cat","embeddable":true,"href":"http:\/\/elektronikk.eu\/en\/wp-json\/wp\/v2\/product_cat?post=94790874"},{"taxonomy":"product_tag","embeddable":true,"href":"http:\/\/elektronikk.eu\/en\/wp-json\/wp\/v2\/product_tag?post=94790874"}],"curies":[{"name":"wp","href":"https:\/\/api.w.org\/{rel}","templated":true}]}}