{"id":94787614,"date":"2018-04-27T04:28:26","date_gmt":"2018-04-27T02:28:26","guid":{"rendered":"https:\/\/elektronikk.eu\/r00170002\/"},"modified":"2026-04-01T21:09:43","modified_gmt":"2026-04-01T19:09:43","slug":"r00170002","status":"publish","type":"product","link":"http:\/\/elektronikk.eu\/en\/r00170002\/","title":{"rendered":"RCA-stereo lydkabel, gullbelagte kontakter, 2 m, svart"},"content":{"rendered":"<p>Audio cable, 2xRCA, gold-plated connectors, 2m, black<\/p>\n","protected":false},"excerpt":{"rendered":"<p>Denne RCA stereo lydkabelen er designet for \u00e5 koble lydenheter med RCA-utganger til forsterkere, mottakere og h\u00f8yttalere. Den har 99,99 % kobbertr\u00e5d og er utstyrt med gullbelagte kontakter, slik at du f\u00e5r minimalt signaltap og high-def lydoverf\u00f8ring, det er ideelt for hjemmekinoanlegg og high-def lydsystemer.<\/p>\n","protected":false},"featured_media":94790512,"comment_status":"closed","ping_status":"open","template":"","meta":[],"product_brand":[35291],"product_cat":[35724,35545,35861],"product_tag":[10220],"class_list":{"0":"post-94787614","1":"product","2":"type-product","3":"status-publish","4":"has-post-thumbnail","6":"product_brand-deltaco","7":"product_cat-audio-cables","8":"product_cat-kabler","9":"product_cat-rca","10":"product_tag-rca","11":"pa_farge-black","12":"pa_kabeltype-sound","13":"pa_kontakt-2-rca_male","15":"first","16":"onbackorder","17":"purchasable","18":"product-type-simple"},"jetpack_sharing_enabled":true,"_links":{"self":[{"href":"http:\/\/elektronikk.eu\/en\/wp-json\/wp\/v2\/product\/94787614","targetHints":{"allow":["GET"]}}],"collection":[{"href":"http:\/\/elektronikk.eu\/en\/wp-json\/wp\/v2\/product"}],"about":[{"href":"http:\/\/elektronikk.eu\/en\/wp-json\/wp\/v2\/types\/product"}],"replies":[{"embeddable":true,"href":"http:\/\/elektronikk.eu\/en\/wp-json\/wp\/v2\/comments?post=94787614"}],"wp:featuredmedia":[{"embeddable":true,"href":"http:\/\/elektronikk.eu\/en\/wp-json\/wp\/v2\/media\/94790512"}],"wp:attachment":[{"href":"http:\/\/elektronikk.eu\/en\/wp-json\/wp\/v2\/media?parent=94787614"}],"wp:term":[{"taxonomy":"product_brand","embeddable":true,"href":"http:\/\/elektronikk.eu\/en\/wp-json\/wp\/v2\/product_brand?post=94787614"},{"taxonomy":"product_cat","embeddable":true,"href":"http:\/\/elektronikk.eu\/en\/wp-json\/wp\/v2\/product_cat?post=94787614"},{"taxonomy":"product_tag","embeddable":true,"href":"http:\/\/elektronikk.eu\/en\/wp-json\/wp\/v2\/product_tag?post=94787614"}],"curies":[{"name":"wp","href":"https:\/\/api.w.org\/{rel}","templated":true}]}}