{"id":94787613,"date":"2025-12-31T10:03:10","date_gmt":"2025-12-31T09:03:10","guid":{"rendered":"https:\/\/elektronikk.eu\/r00170001\/"},"modified":"2026-04-01T21:09:43","modified_gmt":"2026-04-01T19:09:43","slug":"r00170001","status":"publish","type":"product","link":"http:\/\/elektronikk.eu\/en\/r00170001\/","title":{"rendered":"RCA-stereo lydkabel, gullbelagte kontakter, 1 m, svart"},"content":{"rendered":"<p>Audio cable, 2xRCA, gold-plated connectors, 1m, black<\/p>\n","protected":false},"excerpt":{"rendered":"<p>Denne RCA stereo lydkabelen er designet for \u00e5 koble lydenheter med RCA-utganger til forsterkere, mottakere og h\u00f8yttalere. Den har 99,99 % kobbertr\u00e5d og er utstyrt med gullbelagte kontakter, slik at du f\u00e5r minimalt signaltap og high-def lydoverf\u00f8ring, det er ideelt for hjemmekinoanlegg og high-def lydsystemer.<\/p>\n","protected":false},"featured_media":94789009,"comment_status":"closed","ping_status":"open","template":"","meta":[],"product_brand":[35291],"product_cat":[35724,35545,35861],"product_tag":[10220],"class_list":{"0":"post-94787613","1":"product","2":"type-product","3":"status-publish","4":"has-post-thumbnail","6":"product_brand-deltaco","7":"product_cat-audio-cables","8":"product_cat-kabler","9":"product_cat-rca","10":"product_tag-rca","11":"pa_farge-black","12":"pa_kabeltype-sound","13":"pa_kontakt-2-rca_male","15":"first","16":"onbackorder","17":"purchasable","18":"product-type-simple"},"jetpack_sharing_enabled":true,"_links":{"self":[{"href":"http:\/\/elektronikk.eu\/en\/wp-json\/wp\/v2\/product\/94787613","targetHints":{"allow":["GET"]}}],"collection":[{"href":"http:\/\/elektronikk.eu\/en\/wp-json\/wp\/v2\/product"}],"about":[{"href":"http:\/\/elektronikk.eu\/en\/wp-json\/wp\/v2\/types\/product"}],"replies":[{"embeddable":true,"href":"http:\/\/elektronikk.eu\/en\/wp-json\/wp\/v2\/comments?post=94787613"}],"wp:featuredmedia":[{"embeddable":true,"href":"http:\/\/elektronikk.eu\/en\/wp-json\/wp\/v2\/media\/94789009"}],"wp:attachment":[{"href":"http:\/\/elektronikk.eu\/en\/wp-json\/wp\/v2\/media?parent=94787613"}],"wp:term":[{"taxonomy":"product_brand","embeddable":true,"href":"http:\/\/elektronikk.eu\/en\/wp-json\/wp\/v2\/product_brand?post=94787613"},{"taxonomy":"product_cat","embeddable":true,"href":"http:\/\/elektronikk.eu\/en\/wp-json\/wp\/v2\/product_cat?post=94787613"},{"taxonomy":"product_tag","embeddable":true,"href":"http:\/\/elektronikk.eu\/en\/wp-json\/wp\/v2\/product_tag?post=94787613"}],"curies":[{"name":"wp","href":"https:\/\/api.w.org\/{rel}","templated":true}]}}