{"id":94787534,"date":"2025-06-22T03:42:22","date_gmt":"2025-06-22T01:42:22","guid":{"rendered":"https:\/\/elektronikk.eu\/r00110015\/"},"modified":"2026-04-01T21:09:24","modified_gmt":"2026-04-01T19:09:24","slug":"r00110015","status":"publish","type":"product","link":"http:\/\/elektronikk.eu\/en\/r00110015\/","title":{"rendered":"DisplayPort 1.4-kabel, DP8K-sertifisert, 2 m, svart"},"content":{"rendered":"<p>DisplayPort cable, 8K, DP 1.4, 2m, black<\/p>\n","protected":false},"excerpt":{"rendered":"<p>Denne DP8K-sertifiserte DisplayPort 1.4-kabelen er ideell for krevende applikasjoner som eksklusiv gaming og profesjonell videoredigering, der krystallklare og ultra-high-definition-bilder er avgj\u00f8rende. Den har en b\u00e5ndbredde p\u00e5 32,4 Gb\/s og st\u00f8tter en 8K-oppl\u00f8sning ved 60 Hz, det s\u00f8rger for aller h\u00f8yest bildekvalitet.<\/p>\n","protected":false},"featured_media":94790461,"comment_status":"closed","ping_status":"open","template":"","meta":[],"product_brand":[35291],"product_cat":[35545,35764,35763],"product_tag":[21313],"class_list":{"0":"post-94787534","1":"product","2":"type-product","3":"status-publish","4":"has-post-thumbnail","6":"product_brand-deltaco","7":"product_cat-kabler","8":"product_cat-monitor-cables","9":"product_cat-peripheral-cables","10":"product_tag-monitor-cables","11":"pa_displayport-versjon-dp1_4","12":"pa_kabellengde-33689","13":"pa_kabelsertifikat-dp8k","15":"first","16":"onbackorder","17":"purchasable","18":"product-type-simple"},"jetpack_sharing_enabled":true,"_links":{"self":[{"href":"http:\/\/elektronikk.eu\/en\/wp-json\/wp\/v2\/product\/94787534","targetHints":{"allow":["GET"]}}],"collection":[{"href":"http:\/\/elektronikk.eu\/en\/wp-json\/wp\/v2\/product"}],"about":[{"href":"http:\/\/elektronikk.eu\/en\/wp-json\/wp\/v2\/types\/product"}],"replies":[{"embeddable":true,"href":"http:\/\/elektronikk.eu\/en\/wp-json\/wp\/v2\/comments?post=94787534"}],"wp:featuredmedia":[{"embeddable":true,"href":"http:\/\/elektronikk.eu\/en\/wp-json\/wp\/v2\/media\/94790461"}],"wp:attachment":[{"href":"http:\/\/elektronikk.eu\/en\/wp-json\/wp\/v2\/media?parent=94787534"}],"wp:term":[{"taxonomy":"product_brand","embeddable":true,"href":"http:\/\/elektronikk.eu\/en\/wp-json\/wp\/v2\/product_brand?post=94787534"},{"taxonomy":"product_cat","embeddable":true,"href":"http:\/\/elektronikk.eu\/en\/wp-json\/wp\/v2\/product_cat?post=94787534"},{"taxonomy":"product_tag","embeddable":true,"href":"http:\/\/elektronikk.eu\/en\/wp-json\/wp\/v2\/product_tag?post=94787534"}],"curies":[{"name":"wp","href":"https:\/\/api.w.org\/{rel}","templated":true}]}}