{"id":94787371,"date":"2016-07-01T08:09:14","date_gmt":"2016-07-01T06:09:14","guid":{"rendered":"https:\/\/elektronikk.eu\/hu-20\/"},"modified":"2026-04-01T21:08:33","modified_gmt":"2026-04-01T19:08:33","slug":"hu-20","status":"publish","type":"product","link":"http:\/\/elektronikk.eu\/en\/hu-20\/","title":{"rendered":"Ultra High-Speed HDMI-kabel, eARC, QMS, 8K ved 60Hz, 4K ved 120Hz, 2m, svart"},"content":{"rendered":"<p>ULTRA-sertifisert kabel. St\u00f8tter ukomprimert videooppl\u00f8sning p\u00e5 opptil 8k ved 60Hz og 4Kat 120Hz. Forbedrede spill- og mediefunksjoner sikrer et ekstra niv\u00e5 av jevn og s\u00f8ml\u00f8s bevegelse, og overganger for spill, filmer og video inkluderer:<br \/>\n Variabel oppdateringsfrekvens (VRR)<br \/>\n Auto Low Latency Mode (ALLM)<br \/>\n Quick Frame Transport (QFT)<\/p>\n<p>Bakoverkompatibel med alle tidligere HDMI-enheter.<\/p>\n","protected":false},"excerpt":{"rendered":"<p>DELTACO Ultra High Speed HDMI-kabel, 2m, eARC, QMS, 8K ved 60Hz, 4K ved 120Hz, svart<\/p>\n","protected":false},"featured_media":94788725,"comment_status":"closed","ping_status":"open","template":"","meta":[],"product_brand":[35291],"product_cat":[35545],"product_tag":[33320],"class_list":{"0":"post-94787371","1":"product","2":"type-product","3":"status-publish","4":"has-post-thumbnail","6":"product_brand-deltaco","7":"product_cat-kabler","8":"product_tag-hdmi-2-1","9":"pa_farge-black","10":"pa_hdmi-versjon-hdmi_2_1","11":"pa_kabelopplosning-7680x4320_60hz","13":"first","14":"onbackorder","15":"purchasable","16":"product-type-simple"},"jetpack_sharing_enabled":true,"_links":{"self":[{"href":"http:\/\/elektronikk.eu\/en\/wp-json\/wp\/v2\/product\/94787371","targetHints":{"allow":["GET"]}}],"collection":[{"href":"http:\/\/elektronikk.eu\/en\/wp-json\/wp\/v2\/product"}],"about":[{"href":"http:\/\/elektronikk.eu\/en\/wp-json\/wp\/v2\/types\/product"}],"replies":[{"embeddable":true,"href":"http:\/\/elektronikk.eu\/en\/wp-json\/wp\/v2\/comments?post=94787371"}],"wp:featuredmedia":[{"embeddable":true,"href":"http:\/\/elektronikk.eu\/en\/wp-json\/wp\/v2\/media\/94788725"}],"wp:attachment":[{"href":"http:\/\/elektronikk.eu\/en\/wp-json\/wp\/v2\/media?parent=94787371"}],"wp:term":[{"taxonomy":"product_brand","embeddable":true,"href":"http:\/\/elektronikk.eu\/en\/wp-json\/wp\/v2\/product_brand?post=94787371"},{"taxonomy":"product_cat","embeddable":true,"href":"http:\/\/elektronikk.eu\/en\/wp-json\/wp\/v2\/product_cat?post=94787371"},{"taxonomy":"product_tag","embeddable":true,"href":"http:\/\/elektronikk.eu\/en\/wp-json\/wp\/v2\/product_tag?post=94787371"}],"curies":[{"name":"wp","href":"https:\/\/api.w.org\/{rel}","templated":true}]}}