{"id":94787229,"date":"2019-08-15T13:37:44","date_gmt":"2019-08-15T11:37:44","guid":{"rendered":"https:\/\/elektronikk.eu\/delo-0152\/"},"modified":"2026-04-01T21:07:27","modified_gmt":"2026-04-01T19:07:27","slug":"delo-0152","status":"publish","type":"product","link":"http:\/\/elektronikk.eu\/en\/delo-0152\/","title":{"rendered":"Bordfeste for monteringsskinne (DELO-0151), hvite"},"content":{"rendered":"<p>OFFICE Mounting poles for slatwall panel (DELO-0151), white<\/p>\n","protected":false},"excerpt":{"rendered":"<p>OFFICE bordfeste for monteringsskinne (DELO-0151), hvite Bordfestene DELO-0152 fra DELTACO OFFICE skal brukes til oppsett av monteringsskinnen DELO-0151 p\u00e5 arbeidsbordet. Bordklemmene passer sammen med alle bordtyper og festes enkelt p\u00e5 bordplaten. Den solide st\u00e5lkonstruksjonen gir ekstra stabilitet og har en vektkapasitet p\u00e5 opptil 50 kg<\/p>\n","protected":false},"featured_media":94790258,"comment_status":"closed","ping_status":"open","template":"","meta":[],"product_brand":[35291],"product_cat":[35751],"product_tag":[],"class_list":{"0":"post-94787229","1":"product","2":"type-product","3":"status-publish","4":"has-post-thumbnail","6":"product_brand-deltaco","7":"product_cat-desk-organizers-accessories","8":"pa_farge-white","9":"pa_produkt-bredde-0-100000000000","10":"pa_produkt-hoyde-0-105000000000","12":"first","13":"onbackorder","14":"purchasable","15":"product-type-simple"},"jetpack_sharing_enabled":true,"_links":{"self":[{"href":"http:\/\/elektronikk.eu\/en\/wp-json\/wp\/v2\/product\/94787229","targetHints":{"allow":["GET"]}}],"collection":[{"href":"http:\/\/elektronikk.eu\/en\/wp-json\/wp\/v2\/product"}],"about":[{"href":"http:\/\/elektronikk.eu\/en\/wp-json\/wp\/v2\/types\/product"}],"replies":[{"embeddable":true,"href":"http:\/\/elektronikk.eu\/en\/wp-json\/wp\/v2\/comments?post=94787229"}],"wp:featuredmedia":[{"embeddable":true,"href":"http:\/\/elektronikk.eu\/en\/wp-json\/wp\/v2\/media\/94790258"}],"wp:attachment":[{"href":"http:\/\/elektronikk.eu\/en\/wp-json\/wp\/v2\/media?parent=94787229"}],"wp:term":[{"taxonomy":"product_brand","embeddable":true,"href":"http:\/\/elektronikk.eu\/en\/wp-json\/wp\/v2\/product_brand?post=94787229"},{"taxonomy":"product_cat","embeddable":true,"href":"http:\/\/elektronikk.eu\/en\/wp-json\/wp\/v2\/product_cat?post=94787229"},{"taxonomy":"product_tag","embeddable":true,"href":"http:\/\/elektronikk.eu\/en\/wp-json\/wp\/v2\/product_tag?post=94787229"}],"curies":[{"name":"wp","href":"https:\/\/api.w.org\/{rel}","templated":true}]}}